{"id":291,"date":"2021-05-03T14:56:26","date_gmt":"2021-05-03T14:56:26","guid":{"rendered":"https:\/\/desertsarria.webspararesidencias.info\/?page_id=291"},"modified":"2025-01-07T11:31:38","modified_gmt":"2025-01-07T11:31:38","slug":"quienes-somos","status":"publish","type":"page","link":"https:\/\/residenciadesertsarria.com\/es\/quienes-somos\/","title":{"rendered":"Qui\u00e9nes somos"},"content":{"rendered":"<div class=\"wpb-content-wrapper\"><p>[vc_row css_animation=\u00bbelement_from_bottom\u00bb row_type=\u00bbrow\u00bb use_row_as_full_screen_section=\u00bbno\u00bb type=\u00bbgrid\u00bb angled_section=\u00bbno\u00bb text_align=\u00bbleft\u00bb background_image_as_pattern=\u00bbwithout_pattern\u00bb z_index=\u00bb\u00bb][vc_column][vc_empty_space height=\u00bb90&#8243;][vc_column_text css=\u00bb.vc_custom_1730901906555{margin-right: 80px !important;margin-left: 80px !important;}\u00bb]<\/p>\n<h1 class=\"tituloPadding\" style=\"text-align: center;\"><span style=\"color: #777676;\">QUI\u00c9NES SOMOS<\/span><\/h1>\n<p>[\/vc_column_text][vc_separator type=\u00bbnormal\u00bb color=\u00bb#8bc4f7&#8243; thickness=\u00bb1,5&#8243;][\/vc_column][\/vc_row][vc_row css_animation=\u00bb\u00bb row_type=\u00bbrow\u00bb use_row_as_full_screen_section=\u00bbno\u00bb type=\u00bbfull_width\u00bb angled_section=\u00bbno\u00bb text_align=\u00bbleft\u00bb background_image_as_pattern=\u00bbwithout_pattern\u00bb z_index=\u00bb\u00bb][vc_column][vc_empty_space][vc_column_text css=\u00bb.vc_custom_1735490249993{margin-right: 80px !important;margin-left: 80px !important;}\u00bb]Dicen que en el Desert de Sarri\u00e0 naci\u00f3 Santa Eulalia, en la \u00e9poca romana, pero de eso no tenemos ninguna certeza. Lo que s\u00ed sabemos es que en 1578 Joan Terre cedi\u00f3 la finca a los capuchinos que estaban en un convento rodeado de bosques, hasta la desamortizaci\u00f3n de 1835, y la m\u00e1rtir tuvo una capilla.<\/p>\n<p>&nbsp;<\/p>\n<p>Devastado durante las revueltas de mediados del XIX el convento fue vendido a unos ingleses que le convirtieron en una torre residencial rodeada de un extenso jard\u00edn boscoso.<\/p>\n<p>&nbsp;<\/p>\n<p>Poco tiempo despu\u00e9s pas\u00f3 a manos del industrial textil \u201cPepe\u201d Sert, que encarg\u00f3 al arquitecto Josep Amarg\u00f3s su reforma para convertirlo en el Instituto del Desierto de Sarri\u00e1, un asilo para obreros mutilados que se inaugur\u00f3 en 1894.<\/p>\n<p>&nbsp;<\/p>\n<p>En esta zona boscosa que separa Barcelona de Sarri\u00e0, se celebr\u00f3 en 1905 la primera Fiesta Nacional Catalana, con la presencia de agrupaciones pol\u00edticas y culturales, la asistencia de m\u00e1s de 5000 personas, discurso de Santiago Rusi\u00f1ol y Canto dels Segadors, por parte de todo el p\u00fablico.<\/p>\n<p>&nbsp;<\/p>\n<p>Aunque dividido por la Ronda de Dalt, el Desert sigue siendo a d\u00eda de hoy, un peque\u00f1o bosque en medio de la ciudad y el actual Instituto del Desierto de Sarri\u00e1 construido hace unos treinta a\u00f1os en la misma finca, todav\u00eda tiene una capilla con vidrieras de colores dedicada a Santa Eulalia.[\/vc_column_text][vc_empty_space height=\u00bb60px\u00bb][\/vc_column][\/vc_row][vc_row css_animation=\u00bbelement_from_bottom\u00bb row_type=\u00bbrow\u00bb use_row_as_full_screen_section=\u00bbno\u00bb type=\u00bbgrid\u00bb angled_section=\u00bbno\u00bb text_align=\u00bbleft\u00bb background_image_as_pattern=\u00bbwithout_pattern\u00bb z_index=\u00bb\u00bb][vc_column][vc_column_text css=\u00bb.vc_custom_1735490294631{margin-right: 80px !important;margin-left: 80px !important;}\u00bb]<\/p>\n<h2 style=\"text-align: center;\"><strong><span style=\"color: #777676;\">EQUIPO HUMANO<\/span><\/strong><\/h2>\n<p>[\/vc_column_text][vc_separator type=\u00bbnormal\u00bb color=\u00bb#8bc4f7&#8243; thickness=\u00bb1,5&#8243;][vc_empty_space][\/vc_column][\/vc_row][vc_row css_animation=\u00bb\u00bb row_type=\u00bbrow\u00bb use_row_as_full_screen_section=\u00bbno\u00bb type=\u00bbfull_width\u00bb angled_section=\u00bbno\u00bb text_align=\u00bbleft\u00bb background_image_as_pattern=\u00bbwithout_pattern\u00bb][vc_column][qode_elements_holder background_color=\u00bb#dd9933&#8243; number_of_columns=\u00bbthree_columns\u00bb][qode_elements_holder_item advanced_animations=\u00bbno\u00bb background_color=\u00bb#8bc4f7&#8243; item_padding=\u00bb40px 40px 40px 40px\u00bb][vc_column_text]<\/p>\n<div class=\"wpb_text_column wpb_content_element vc_custom_1620747173353\">\n<div class=\"wpb_wrapper\">\n<h5 style=\"text-align: center;\">EQUIPO<\/h5>\n<\/div>\n<\/div>\n<div class=\"vc_empty_space\" style=\"text-align: center;\"><\/div>\n<p>[\/vc_column_text][vc_separator type=\u00bbsmall\u00bb position=\u00bbcenter\u00bb width_in_percentages=\u00bbyes\u00bb color=\u00bb#ffffff\u00bb thickness=\u00bb1,5&#8243; width=\u00bb20&#8243;][vc_column_text]<\/p>\n<div class=\"wpb_text_column wpb_content_element vc_custom_1620747173353\">\n<div class=\"wpb_wrapper\">\n<h4 style=\"text-align: center;\">Nuestro tejido humano est\u00e1 formado por un equipo de profesionales motivados y con ganas de ofrecerle el mejor servicio a nuestros residentes.<\/h4>\n<\/div>\n<\/div>\n<div class=\"vc_empty_space\" style=\"text-align: center;\"><\/div>\n<p>[\/vc_column_text][\/qode_elements_holder_item][qode_elements_holder_item advanced_animations=\u00bbno\u00bb background_color=\u00bb#777676&#8243; item_padding=\u00bb40px 40px 40px 40px\u00bb][vc_column_text]<\/p>\n<h4 class=\"has-text-align-left\" style=\"text-align: center;\">DIRECCI\u00d3N DEL CENTRO RESIDENCIAL<\/h4>\n<p>&nbsp;<\/p>\n<h4 class=\"has-text-align-left\" style=\"text-align: center;\">PROFESIONAL M\u00c9DICO<\/h4>\n<p>&nbsp;<\/p>\n<h4 class=\"has-text-align-left\" style=\"text-align: center;\">PROFESIONAL DE ENFERMER\u00cdA<\/h4>\n<p>&nbsp;<\/p>\n<h4 style=\"text-align: center;\">TRABAJO SOCIAL<\/h4>\n<p>&nbsp;<\/p>\n<h4 class=\"has-text-align-left\" style=\"text-align: center;\">FISIOTERAPIA<\/h4>\n<p>&nbsp;<\/p>\n<h4 class=\"has-text-align-left\" style=\"text-align: center;\">PSICOLOG\u00cdA<\/h4>\n<p>[\/vc_column_text][\/qode_elements_holder_item][qode_elements_holder_item advanced_animations=\u00bbno\u00bb background_color=\u00bb#427bae\u00bb item_padding=\u00bb40px 40px 40px 40px\u00bb][vc_column_text]<\/p>\n<h4 class=\"has-text-align-left\" style=\"text-align: center;\">EDUCACI\u00d3N SOCIAL<\/h4>\n<p>&nbsp;<\/p>\n<h4 class=\"has-text-align-left\" style=\"text-align: center;\">PERSONAL GEROCULTOR<\/h4>\n<h4><\/h4>\n<p>&nbsp;<\/p>\n<h4 class=\"has-text-align-left\" style=\"text-align: center;\">PERSONAL DE MANTENIMENTO<\/h4>\n<p>&nbsp;<\/p>\n<h4 style=\"text-align: center;\">PERSONAL DE RRHH<\/h4>\n<p>&nbsp;<\/p>\n<h4 style=\"text-align: center;\">RECEPCI\u00d3N<\/h4>\n<p>&nbsp;<\/p>\n<h4 class=\"has-text-align-left\" style=\"text-align: center;\">PERSONAL DE LIMPIEZA<\/h4>\n<p>&nbsp;<\/p>\n<h4 class=\"has-text-align-left\" style=\"text-align: center;\">PERSONAL DE COCINA<\/h4>\n<p>[\/vc_column_text][\/qode_elements_holder_item][\/qode_elements_holder][\/vc_column][\/vc_row][vc_row css_animation=\u00bbelement_from_bottom\u00bb row_type=\u00bbrow\u00bb use_row_as_full_screen_section=\u00bbno\u00bb type=\u00bbgrid\u00bb angled_section=\u00bbno\u00bb text_align=\u00bbleft\u00bb background_image_as_pattern=\u00bbwithout_pattern\u00bb z_index=\u00bb\u00bb][vc_column][vc_empty_space height=\u00bb60px\u00bb][vc_column_text css=\u00bb.vc_custom_1730902199818{margin-right: 80px !important;margin-left: 80px !important;}\u00bb]<\/p>\n<h2 style=\"text-align: center;\"><strong><span style=\"color: #777676;\">EQUIPO<\/span><\/strong><\/h2>\n<p>[\/vc_column_text][vc_separator type=\u00bbnormal\u00bb color=\u00bb#8bc4f7&#8243; thickness=\u00bb1,5&#8243;][vc_empty_space][\/vc_column][\/vc_row][vc_row css_animation=\u00bb\u00bb row_type=\u00bbrow\u00bb use_row_as_full_screen_section=\u00bbno\u00bb type=\u00bbfull_width\u00bb angled_section=\u00bbno\u00bb text_align=\u00bbleft\u00bb background_image_as_pattern=\u00bbwithout_pattern\u00bb z_index=\u00bb\u00bb][vc_column][vc_column_text css=\u00bb.vc_custom_1736249465122{margin-right: 80px !important;margin-left: 80px !important;}\u00bb]El equipo multidisciplinar de la residencia <span style=\"color: #427bae;\"><span style=\"color: #8bc4f7;\"><strong>Institut del Desert de Sarri\u00e0 <\/strong><\/span><\/span>cubre las siguientes \u00e1reas:<\/p>\n<p>&nbsp;<\/p>\n<p><span style=\"color: #777676;\"><strong>EQUIPO DE GESTION<\/strong><\/span><\/p>\n<p>El equipo de gesti\u00f3n est\u00e1 formado por profesionales que analizan la buena organizaci\u00f3n interna de todo el personal sanitario, mantenimiento, higiene y alimentaci\u00f3n de la residencia. Buscando la complicidad de todos ellos por conseguir un buen ambiente de trabajo y as\u00ed, hacer que el residente se sienta cuidado y querido.<\/p>\n<p>&nbsp;<\/p>\n<p><span style=\"color: #777676;\"><strong>EQUIPO DE SEGUIMIENTO DE LA SALUD DEL RESIDENTE <\/strong><\/span><\/p>\n<p>Este equipo de trabajo est\u00e1 formado por personal calificado en el \u00e1mbito de las ciencias de la salud y todos ellos est\u00e1n al servicio del residente. Son profesionales que siguen las evoluciones y que est\u00e1n a disposici\u00f3n de los residentes y familiares para todo lo que necesitan. Podemos garantizar una atenci\u00f3n personalizada a todos nuestros residentes a partir del seguimiento de su evoluci\u00f3n y su recuperaci\u00f3n.<\/p>\n<p>&nbsp;<\/p>\n<p>El equipo est\u00e1 formado por:[\/vc_column_text][vc_empty_space height=\u00bb20px\u00bb][\/vc_column][\/vc_row][vc_row css_animation=\u00bbelement_from_bottom\u00bb row_type=\u00bbrow\u00bb use_row_as_full_screen_section=\u00bbno\u00bb type=\u00bbgrid\u00bb angled_section=\u00bbno\u00bb text_align=\u00bbleft\u00bb background_image_as_pattern=\u00bbwithout_pattern\u00bb z_index=\u00bb\u00bb][vc_column width=\u00bb1\/3&#8243;]<div class=\"q_icon_list\"><i class=\"qode_icon_font_awesome fa fa-check qode-ili-icon-holder transparent\" style=\"color: #8bc4f7;\" ><\/i><p style=\"color:#777676;\">M\u00e9dico<\/p><\/div>[\/vc_column][vc_column width=\u00bb1\/3&#8243;]<div class=\"q_icon_list\"><i class=\"qode_icon_font_awesome fa fa-check qode-ili-icon-holder transparent\" style=\"color: #8bc4f7;\" ><\/i><p style=\"color:#777676;\">Enfermera<\/p><\/div>[\/vc_column][vc_column width=\u00bb1\/3&#8243;]<div class=\"q_icon_list\"><i class=\"qode_icon_font_awesome fa fa-check qode-ili-icon-holder transparent\" style=\"color: #8bc4f7;\" ><\/i><p style=\"color:#777676;\">Ajudanta D.U.I.<\/p><\/div>[\/vc_column][\/vc_row][vc_row css_animation=\u00bbelement_from_bottom\u00bb row_type=\u00bbrow\u00bb use_row_as_full_screen_section=\u00bbno\u00bb type=\u00bbgrid\u00bb angled_section=\u00bbno\u00bb text_align=\u00bbleft\u00bb background_image_as_pattern=\u00bbwithout_pattern\u00bb z_index=\u00bb\u00bb][vc_column width=\u00bb1\/3&#8243;]<div class=\"q_icon_list\"><i class=\"qode_icon_font_awesome fa fa-check qode-ili-icon-holder transparent\" style=\"color: #8bc4f7;\" ><\/i><p style=\"color:#777676;\">Administrativa de enfermer\u00eda<\/p><\/div>[\/vc_column][vc_column width=\u00bb1\/3&#8243;]<div class=\"q_icon_list\"><i class=\"qode_icon_font_awesome fa fa-check qode-ili-icon-holder transparent\" style=\"color: #8bc4f7;\" ><\/i><p style=\"color:#777676;\">Trabajadora social<\/p><\/div>[\/vc_column][vc_column width=\u00bb1\/3&#8243;]<div class=\"q_icon_list\"><i class=\"qode_icon_font_awesome fa fa-check qode-ili-icon-holder transparent\" style=\"color: #8bc4f7;\" ><\/i><p style=\"color:#777676;\">Educadora social<\/p><\/div>[\/vc_column][\/vc_row][vc_row css_animation=\u00bbelement_from_bottom\u00bb row_type=\u00bbrow\u00bb use_row_as_full_screen_section=\u00bbno\u00bb type=\u00bbgrid\u00bb angled_section=\u00bbno\u00bb text_align=\u00bbleft\u00bb background_image_as_pattern=\u00bbwithout_pattern\u00bb z_index=\u00bb\u00bb][vc_column width=\u00bb1\/3&#8243;]<div class=\"q_icon_list\"><i class=\"qode_icon_font_awesome fa fa-check qode-ili-icon-holder transparent\" style=\"color: #8bc4f7;\" ><\/i><p style=\"color:#777676;\">Fisioterapeuta<\/p><\/div>[\/vc_column][vc_column width=\u00bb1\/3&#8243;]<div class=\"q_icon_list\"><i class=\"qode_icon_font_awesome fa fa-check qode-ili-icon-holder transparent\" style=\"color: #8bc4f7;\" ><\/i><p style=\"color:#777676;\">Psic\u00f3logo<\/p><\/div>[\/vc_column][vc_column width=\u00bb1\/3&#8243;]<div class=\"q_icon_list\"><i class=\"qode_icon_font_awesome fa fa-check qode-ili-icon-holder transparent\" style=\"color: #8bc4f7;\" ><\/i><p style=\"color:#777676;\">Auxiliares de enfermer\u00eda y geriatr\u00eda<\/p><\/div>[\/vc_column][\/vc_row][vc_row css_animation=\u00bb\u00bb row_type=\u00bbrow\u00bb use_row_as_full_screen_section=\u00bbno\u00bb type=\u00bbfull_width\u00bb angled_section=\u00bbno\u00bb text_align=\u00bbleft\u00bb background_image_as_pattern=\u00bbwithout_pattern\u00bb z_index=\u00bb\u00bb][vc_column][vc_empty_space height=\u00bb36px\u00bb][vc_column_text css=\u00bb.vc_custom_1736249484997{margin-right: 80px !important;margin-left: 80px !important;}\u00bb]<span style=\"color: #777676;\"><b>OTROS SERVICIOS<\/b><\/span><\/p>\n<p>Tienen la funci\u00f3n de facilitar las tareas del d\u00eda a d\u00eda, como pueden ser:<\/p>\n<p>&nbsp;<\/p>\n<p><strong>Recepcionistas:<\/strong> encargadas de recibir y atender a las visitas y proveedores, apoyan a familiares y a otras \u00e1reas internas.<\/p>\n<p>&nbsp;<\/p>\n<p><strong>Personal de mantenimiento:<\/strong> servicio pendiente de tener todas las instalaciones y equipamientos internos y externos controlados (jard\u00edn, calefacci\u00f3n, sistema el\u00e9ctrico, etc.).<\/p>\n<p>&nbsp;<\/p>\n<p><strong>Personal de lavander\u00eda:<\/strong> ofrecen un servicio semanal tanto de la ropa de residentes como de la ropa sanitaria.<\/p>\n<p>&nbsp;<\/p>\n<p><strong>Personal de limpieza<\/strong>: se cuidan de que tanto las habitaciones como el resto de \u00e1reas comunes est\u00e9n siempre limpias y ordenadas.<\/p>\n<p>&nbsp;<\/p>\n<p><strong>Persona de cocina:<\/strong> elaboran los men\u00fas de las distintas comidas.[\/vc_column_text][vc_empty_space height=\u00bb20px\u00bb][\/vc_column][\/vc_row][vc_row css_animation=\u00bbelement_from_bottom\u00bb row_type=\u00bbrow\u00bb use_row_as_full_screen_section=\u00bbno\u00bb type=\u00bbgrid\u00bb angled_section=\u00bbno\u00bb text_align=\u00bbleft\u00bb background_image_as_pattern=\u00bbwithout_pattern\u00bb z_index=\u00bb\u00bb][vc_column width=\u00bb1\/4&#8243;]<div class=\"q_icon_list\"><i class=\"qode_icon_font_awesome fa fa-check qode-ili-icon-holder transparent\" style=\"color: #8bc4f7;\" ><\/i><p style=\"color:#777676;\">Recepcionistas<\/p><\/div>[\/vc_column][vc_column width=\u00bb1\/4&#8243;]<div class=\"q_icon_list\"><i class=\"qode_icon_font_awesome fa fa-check qode-ili-icon-holder transparent\" style=\"color: #8bc4f7;\" ><\/i><p style=\"color:#777676;\">Personal de mantenimento<\/p><\/div>[\/vc_column][vc_column width=\u00bb1\/4&#8243;]<div class=\"q_icon_list\"><i class=\"qode_icon_font_awesome fa fa-check qode-ili-icon-holder transparent\" style=\"color: #8bc4f7;\" ><\/i><p style=\"color:#777676;\">Personal de lavander\u00eda<\/p><\/div>[\/vc_column][vc_column width=\u00bb1\/4&#8243;]<div class=\"q_icon_list\"><i class=\"qode_icon_font_awesome fa fa-check qode-ili-icon-holder transparent\" style=\"color: #8bc4f7;\" ><\/i><p style=\"color:#777676;\">Personal de limpieza<\/p><\/div>[\/vc_column][\/vc_row][vc_row css_animation=\u00bbelement_from_bottom\u00bb row_type=\u00bbrow\u00bb use_row_as_full_screen_section=\u00bbno\u00bb type=\u00bbgrid\u00bb angled_section=\u00bbno\u00bb text_align=\u00bbleft\u00bb background_image_as_pattern=\u00bbwithout_pattern\u00bb z_index=\u00bb\u00bb][vc_column width=\u00bb1\/4&#8243;]<div class=\"q_icon_list\"><i class=\"qode_icon_font_awesome fa fa-check qode-ili-icon-holder transparent\" style=\"color: #8bc4f7;\" ><\/i><p style=\"color:#777676;\">Cocineros<\/p><\/div>[\/vc_column][vc_column width=\u00bb1\/4&#8243;]<div class=\"q_icon_list\"><i class=\"qode_icon_font_awesome fa fa-check qode-ili-icon-holder transparent\" style=\"color: #8bc4f7;\" ><\/i><p style=\"color:#777676;\">Ayudantes de cocina<\/p><\/div>[\/vc_column][vc_column width=\u00bb1\/4&#8243;]<div class=\"q_icon_list\"><i class=\"qode_icon_font_awesome fa fa-check qode-ili-icon-holder transparent\" style=\"color: #cbe0f2;\" ><\/i><p style=\"color:#777676;\">Peluquer\u00eda<\/p><\/div>[\/vc_column][vc_column width=\u00bb1\/4&#8243;]<div class=\"q_icon_list\"><i class=\"qode_icon_font_awesome fa fa-check qode-ili-icon-holder transparent\" style=\"color: #cbe0f2;\" ><\/i><p style=\"color:#777676;\">Pod\u00f3loga<\/p><\/div>[\/vc_column][\/vc_row][vc_row css_animation=\u00bb\u00bb row_type=\u00bbrow\u00bb use_row_as_full_screen_section=\u00bbno\u00bb type=\u00bbfull_width\u00bb angled_section=\u00bbno\u00bb text_align=\u00bbleft\u00bb background_image_as_pattern=\u00bbwithout_pattern\u00bb][vc_column][vc_empty_space height=\u00bb60&#8243;][\/vc_column][\/vc_row][vc_row css_animation=\u00bb\u00bb row_type=\u00bbrow\u00bb use_row_as_full_screen_section=\u00bbno\u00bb type=\u00bbfull_width\u00bb angled_section=\u00bbno\u00bb text_align=\u00bbleft\u00bb background_image_as_pattern=\u00bbwithout_pattern\u00bb css=\u00bb.vc_custom_1718980091298{background-color: #8bc4f7 !important;}\u00bb z_index=\u00bb\u00bb][vc_column][vc_empty_space height=\u00bb90px\u00bb][vc_column_text]<\/p>\n<div style=\"text-align: center;\">\n<h2 style=\"background: #ffffffe8; display: inline-block; padding: 0px 10px;\"><span style=\"color: #777676;\">EQUIPO DE VOLUNTARIADO<\/span><\/h2>\n<p><a class=\"qbutton medium center enlarge\" style=\"color: #ffffff; border-color: #777676; background-color: #777676; padding-left: 23px; padding-right: 23px; margin-top: 20px;\" href=\"https:\/\/residenciadesertsarria.com\/es\/voluntariado\/\" target=\"_self\" rel=\"noopener\" data-hover-background-color=\"#99B1C6\" data-hover-border-color=\"#99B1C6\" data-hover-color=\"#ffffff\">VER \u00bb<\/a><\/p>\n<\/div>\n<p>[\/vc_column_text][vc_empty_space height=\u00bb90&#8243;][\/vc_column][\/vc_row]<\/p>\n<\/div>","protected":false},"excerpt":{"rendered":"<p>[vc_row css_animation=\u00bbelement_from_bottom\u00bb row_type=\u00bbrow\u00bb use_row_as_full_screen_section=\u00bbno\u00bb type=\u00bbgrid\u00bb angled_section=\u00bbno\u00bb text_align=\u00bbleft\u00bb background_image_as_pattern=\u00bbwithout_pattern\u00bb z_index=\u00bb\u00bb][vc_column][vc_empty_space height=\u00bb90&#8243;][vc_column_text css=\u00bb.vc_custom_1730901906555{margin-right: 80px !important;margin-left: 80px !important;}\u00bb] QUI\u00c9NES SOMOS [\/vc_column_text][vc_separator type=\u00bbnormal\u00bb color=\u00bb#8bc4f7&#8243; thickness=\u00bb1,5&#8243;][\/vc_column][\/vc_row][vc_row css_animation=\u00bb\u00bb row_type=\u00bbrow\u00bb use_row_as_full_screen_section=\u00bbno\u00bb type=\u00bbfull_width\u00bb angled_section=\u00bbno\u00bb text_align=\u00bbleft\u00bb background_image_as_pattern=\u00bbwithout_pattern\u00bb z_index=\u00bb\u00bb][vc_column][vc_empty_space][vc_column_text css=\u00bb.vc_custom_1735490249993{margin-right: 80px !important;margin-left: 80px !important;}\u00bb]Dicen que en el Desert de Sarri\u00e0 naci\u00f3 Santa Eulalia, en la&#8230;<\/p>\n","protected":false},"author":2,"featured_media":0,"parent":0,"menu_order":0,"comment_status":"closed","ping_status":"closed","template":"full_width.php","meta":{"footnotes":""},"class_list":["post-291","page","type-page","status-publish","hentry"],"_links":{"self":[{"href":"https:\/\/residenciadesertsarria.com\/es\/wp-json\/wp\/v2\/pages\/291","targetHints":{"allow":["GET"]}}],"collection":[{"href":"https:\/\/residenciadesertsarria.com\/es\/wp-json\/wp\/v2\/pages"}],"about":[{"href":"https:\/\/residenciadesertsarria.com\/es\/wp-json\/wp\/v2\/types\/page"}],"author":[{"embeddable":true,"href":"https:\/\/residenciadesertsarria.com\/es\/wp-json\/wp\/v2\/users\/2"}],"replies":[{"embeddable":true,"href":"https:\/\/residenciadesertsarria.com\/es\/wp-json\/wp\/v2\/comments?post=291"}],"version-history":[{"count":78,"href":"https:\/\/residenciadesertsarria.com\/es\/wp-json\/wp\/v2\/pages\/291\/revisions"}],"predecessor-version":[{"id":1811,"href":"https:\/\/residenciadesertsarria.com\/es\/wp-json\/wp\/v2\/pages\/291\/revisions\/1811"}],"wp:attachment":[{"href":"https:\/\/residenciadesertsarria.com\/es\/wp-json\/wp\/v2\/media?parent=291"}],"curies":[{"name":"wp","href":"https:\/\/api.w.org\/{rel}","templated":true}]}}