{"id":1735,"date":"2024-04-19T11:24:36","date_gmt":"2024-04-19T11:24:36","guid":{"rendered":"https:\/\/residenciadesertsarria.com\/politica-de-cookies\/"},"modified":"2024-12-30T11:47:35","modified_gmt":"2024-12-30T11:47:35","slug":"politica-de-cookies","status":"publish","type":"page","link":"https:\/\/residenciadesertsarria.com\/es\/politica-de-cookies\/","title":{"rendered":"Pol\u00edtica de cookies"},"content":{"rendered":"<div class=\"wpb-content-wrapper\"><p>[vc_row css_animation=\u00bb\u00bb row_type=\u00bbrow\u00bb use_row_as_full_screen_section=\u00bbno\u00bb type=\u00bbfull_width\u00bb angled_section=\u00bbno\u00bb text_align=\u00bbleft\u00bb background_image_as_pattern=\u00bbwithout_pattern\u00bb][vc_column][vc_column_text]<\/p>\n<div class=\"wpb_wrapper\">\n<p><strong> INFORMACI\u00d3N SOBRE COOKIES<\/strong><\/p>\n<p><strong><br \/>\n<\/strong>Debido a la entrada en vigor de la referente modificaci\u00f3n de la \u00abLey de Servicios de la Sociedad de la Informaci\u00f3n\u00bb (LSSICE) establecida por el Real Decreto 13\/2012, es de obligaci\u00f3n obtener el consentimiento expreso del usuario de todas las p\u00e1ginas web que utilizan cookies prescindibles, antes de que \u00e9ste navegue por ellas.<\/p>\n<\/div>\n<p>&nbsp;<\/p>\n<p>&nbsp;<\/p>\n<div class=\"wpb_wrapper\">\n<p><strong>Qu\u00e9 son las cookies y para qu\u00e9 la<\/strong><strong>s utilizamos<\/strong><\/p>\n<p>Una cookie o cookie inform\u00e1tica es un peque\u00f1o archivo de informaci\u00f3n que se guarda en su navegador cada vez que visita nuestra p\u00e1gina web.<\/p>\n<p>&nbsp;<\/p>\n<p>La utilidad de las cookies es guardar el historial de su actividad en nuestra p\u00e1gina web, de modo que, cuando la visite de nuevo, \u00e9sta pueda identificarlo y configurar su contenido en base a sus h\u00e1bitos de navegaci\u00f3n, identidad y preferencias.<\/p>\n<p>&nbsp;<\/p>\n<p>Una cookie es inofensiva, no contiene malware o malintencionado (ej. virus, troyanos, gusanos, etc.) que puedan da\u00f1ar su terminal (ordenador, smartphone, tableta, etc.), pero s\u00ed tiene cierto impacto sobre su derecho a la protecci\u00f3n de sus datos, ya que recoge determinada informaci\u00f3n concerniente a su persona (h\u00e1bitos de navegaci\u00f3n, identidad, preferencias, etc.).<\/p>\n<\/div>\n<p>&nbsp;<\/p>\n<p>&nbsp;<\/p>\n<div class=\"wpb_wrapper\">\n<p><strong>Qu\u00e9 informaci\u00f3n guarda una cookie<\/strong><\/p>\n<p>Las cookies no suelen recoger categor\u00edas especiales de datos personales (datos sensibles). Los datos que guarden son de car\u00e1cter t\u00e9cnico, preferencias personales, personalizaci\u00f3n de contenidos, etc.<\/p>\n<\/div>\n<p>&nbsp;<\/p>\n<p>&nbsp;<\/p>\n<div class=\"wpb_wrapper\">\n<p><strong>Qu\u00e9 tipos de cookies existen<\/strong><\/p>\n<p>Con car\u00e1cter general, existen cinco tipos de cookies:<\/p>\n<p>&nbsp;<\/p>\n<ul>\n<li><strong>Cookies t\u00e9cnicas: <\/strong><\/li>\n<\/ul>\n<p>Son las galletas m\u00e1s b\u00e1sicas. Permiten al usuario la navegaci\u00f3n a trav\u00e9s de una p\u00e1gina web, plataforma o aplicaci\u00f3n y la utilizaci\u00f3n de las diferentes opciones o servicios existentes como, por ejemplo, controlar el tr\u00e1fico y la comunicaci\u00f3n de datos, identificar la sesi\u00f3n, acceder a partes de acceso restringido, recordar los elementos que integren un mando, realizar el proceso de compra de un mando, realizar la solicitud de inscripci\u00f3n o participaci\u00f3n en un evento, utilizar elementos de seguridad durante la navegaci\u00f3n, almacenar contenidos para la difusi\u00f3n de v\u00eddeos o sonido o compartir contenidos a trav\u00e9s de redes sociales. Para su utilizaci\u00f3n no es necesario recaudar el consentimiento de usuario, \u00fanicamente es necesario informar de su existencia.<\/p>\n<p>&nbsp;<\/p>\n<ul>\n<li><strong>Cookies de personalizaci\u00f3n:<\/strong><\/li>\n<\/ul>\n<p>Son aquellas que permiten al usuario acceder al servicio con algunas caracter\u00edsticas de car\u00e1cter general predefinidas en funci\u00f3n de una serie de criterios en el terminal del usuario como por ejemplo ser\u00edan el idioma, el tipo de navegador a trav\u00e9s del cual accede al servicio, la configuraci\u00f3n regional desde donde accede al servicio, etc. Para su utilizaci\u00f3n no es necesario recaudar el consentimiento de usuario, \u00fanicamente es necesario informar de su existencia.<\/p>\n<p>&nbsp;<\/p>\n<ul>\n<li><strong>Cookies de an\u00e1lisis:<\/strong><\/li>\n<\/ul>\n<p>Son aquellas que permiten al responsable de \u00e9stas, el seguimiento y el an\u00e1lisis del comportamiento de los usuarios de los sitios web a los que est\u00e1n vinculadas. La informaci\u00f3n recogida mediante este tipo de cookies se utiliza en la medici\u00f3n de la actividad de los sitios web, aplicaci\u00f3n o plataforma y para la elaboraci\u00f3n de perfiles de navegaci\u00f3n de los usuarios de estos sitios, aplicaciones y plataformas, a fin de introducir mejoras en funci\u00f3n del an\u00e1lisis de los datos de uso que realizan los usuarios del servicio.<\/p>\n<p>&nbsp;<\/p>\n<ul>\n<li><strong>Cookies publicitarias:<\/strong><\/li>\n<\/ul>\n<p>Son aquellas que permiten la gesti\u00f3n, de la forma m\u00e1s eficaz posible, de los espacios publicitarios que, en su caso, el responsable haya incluido en una p\u00e1gina web, aplicaci\u00f3n o plataforma desde la que presta el servicio solicitado en base a criterios como el contenido editado o la frecuencia en la que se muestran los anuncios.<\/p>\n<p>&nbsp;<\/p>\n<ul>\n<li><strong>Cookies de publicidad comportamental:<\/strong><\/li>\n<\/ul>\n<p>Son aquellas que permiten la gesti\u00f3n, de la forma m\u00e1s eficaz posible, de los espacios publicitarios que, en su caso, el responsable haya incluido en una p\u00e1gina web, aplicaci\u00f3n o plataforma desde la que presta el servicio solicitado. Estas cookies se almacenan informaci\u00f3n del comportamiento de los usuarios obtenida a trav\u00e9s de la continua observaci\u00f3n de sus h\u00e1bitos de navegaci\u00f3n, lo que permite desarrollar un perfil espec\u00edfico para mostrar publicidad en funci\u00f3n del mismo.<\/p>\n<p>&nbsp;<\/p>\n<p>&nbsp;<\/p>\n<p><strong>Qu\u00e9 son las cookies propias y las de terceros<\/strong><\/p>\n<p>&nbsp;<\/p>\n<ul>\n<li><strong>Cookies propias:<\/strong><\/li>\n<\/ul>\n<p>Las cookies propias son aquellas que se generan y gestionan por el propio responsable que presta el servicio solicitado por el usuario.<\/p>\n<p>&nbsp;<\/p>\n<ul>\n<li><strong>Cookies de terceros:<\/strong><\/li>\n<\/ul>\n<p>Son aquellas que se generan por otras entidades diferentes al mismo responsable (servicios o proveedores externos, como por ejemplo Google).<\/p>\n<p>&nbsp;<\/p>\n<p>&nbsp;<\/p>\n<p><strong>Qu\u00e9 tipos de cookies guarda nuestra p\u00e1gina web<\/strong><\/p>\n<p>A continuaci\u00f3n, procedemos a relacionar el tipo de cookies que guarda nuestra p\u00e1gina web y la finalidad de \u00e9stas:<\/p>\n<p>&nbsp;<\/p>\n<table>\n<tbody>\n<tr>\n<td width=\"180\"><strong>Tipo de cookie<\/strong><\/td>\n<td width=\"181\"><strong>Finalidad<\/strong><\/td>\n<td width=\"180\"><strong>Cu\u00e1ndo y c\u00f3mo se guarda<\/strong><\/td>\n<\/tr>\n<\/tbody>\n<\/table>\n<\/div>\n<p>&nbsp;<\/p>\n<div class=\"wpb_wrapper\">\n<p>&nbsp;<\/p>\n<p><strong>Qu\u00e9 puedo hacer con las cookies<\/strong><\/p>\n<p>Las cookies pueden ser borradas, aceptadas o bloqueadas, seg\u00fan desee, por lo que s\u00f3lo debe configurar convenientemente el navegador web.<\/p>\n<p>En cualquier momento, puede impedir la instalaci\u00f3n de cookies (bloqueo) en su equipo mediante la correspondiente opci\u00f3n de su navegador, pero en este caso no podremos asegurarle el correcto funcionamiento de las diferentes funcionalidades de nuestra p\u00e1gina web.<\/p>\n<\/div>\n<p>&nbsp;<\/p>\n<div class=\"wpb_wrapper\">\n<p>&nbsp;<\/p>\n<p><strong>C\u00f3mo puedo eliminar las cookies<\/strong><\/p>\n<p>Dependiendo del navegador que utilice, le facilitamos las instrucciones para eliminar las cookies:<\/p>\n<p>&nbsp;<\/p>\n<ul>\n<li><strong>Chrome <\/strong><\/li>\n<\/ul>\n<ol>\n<li>Selecciona el icono de Herramientas<\/li>\n<li>Haz clic en Configuraci\u00f3n.<\/li>\n<li>Haz clic en Mostrar Opciones Avanzadas.<\/li>\n<li>En la secci\u00f3n \u00abPrivacidad\u00bb haz clic en Configuraci\u00f3n de contenido.<\/li>\n<\/ol>\n<ul>\n<li>Eliminar cookies: Haz clic en Todas las cookies y los datos de sitios&#8230;<\/li>\n<li>No permitir que se almacenen cookies.<\/li>\n<\/ul>\n<ol>\n<li>Haz clic en Eliminar datos de navegaci\u00f3n (vaciar la Cach\u00e9).<\/li>\n<li>Cierra y reinicia el navegador.<\/li>\n<\/ol>\n<p>Para m\u00e1s informaci\u00f3n sobre Chrome ponga aqu\u00ed: <a href=\"http:\/\/support.google.com\/chrome\/answer\/95647?hl=es\">http:\/\/support.google.com\/chrome\/answer\/95647 ?hl=es<\/a><\/p>\n<p>&nbsp;<\/p>\n<ul>\n<li><strong>Internet Explorer. Versi\u00f3n 11<\/strong><\/li>\n<\/ul>\n<ol>\n<li>Selecciona Herramientas | Opciones de Internet.<\/li>\n<li>Haga clic en la ficha General.<\/li>\n<li>En la secci\u00f3n \u00abHistorial de exploraci\u00f3n\u00bb, haz clic en Eliminar el historial de exploraci\u00f3n al salir.<\/li>\n<li>Seleccionar Eliminar archivos.<\/li>\n<li>Seleccionar Eliminar cookies.<\/li>\n<li>Haga clic en Eliminar.<\/li>\n<li>Haga clic en Aceptar.<\/li>\n<li>Cierra y reinicia el navegador.<\/li>\n<\/ol>\n<p>Para m\u00e1s informaci\u00f3n sobre Internet Explorer ponga aqu\u00ed:<\/p>\n<p><a href=\"https:\/\/support.microsoft.com\/es-es\/help\/278835\/how-to-delete-cookie-files-in-internet-explorer\">https:\/\/support.microsoft.com\/ ca-help\/278835\/how-to-delete-cookie-files-in-internet-explorer<\/a><\/p>\n<p>&nbsp;<\/p>\n<ul>\n<li><strong>Versi\u00f3n 65.0.1<\/strong><\/li>\n<\/ul>\n<ol>\n<li>Selecciona Firefox | Historial | Limpiar el historial reciente.<\/li>\n<li>Junto a \u00abDetallas\u00bb, haz clic en la flecha hacia abajo.<\/li>\n<li>Selecciona las siguientes casillas de verificaci\u00f3n: Cookies, Cach\u00e9, Inicios de sesi\u00f3n activos.<\/li>\n<li>Usando el Intervalo de tiempo para borrar en el men\u00fa desplegable, selecciona Todo.<\/li>\n<li>Haga clic en Borrar ahora.<\/li>\n<li>Cierra y reinicia el navegador.<\/li>\n<\/ol>\n<p>Puede aceptar o rechazar las cookies individualmente en las Preferencias de Firefox, en la secci\u00f3n Historial disponible en<\/p>\n<p>Herramientas &gt; Opciones &gt; Privacidad.<\/p>\n<p>Para m\u00e1s informaci\u00f3n sobre Mozilla Firefox pon aqu\u00ed: <a href=\"https:\/\/www.mozilla.org\/es-ES\/privacy\/websites\/#cookies\">https:\/\/www.mozilla.org\/es-ES \/privacy\/websites\/#cookies<\/a><\/p>\n<p>&nbsp;<\/p>\n<ul>\n<li><strong>Safari Versi\u00f3n 5.1<\/strong><\/li>\n<\/ul>\n<ol>\n<li>Selecciona el icono de Safari \/ Editar | Restaurar Safari.<\/li>\n<li>Selecciona las siguientes casillas de verificaci\u00f3n: Borrar el historial, Eliminar todos los datos de sitio web.<\/li>\n<li>Haga clic en Restablecer.<\/li>\n<li>Cierra y reinicia el navegador.<\/li>\n<\/ol>\n<p>Para m\u00e1s informaci\u00f3n sobre Safari ponga aqu\u00ed: <a href=\"https:\/\/support.apple.com\/es-es\/guide\/safari\/sfri11471\/mac\">https:\/\/support.apple.com\/es-es \/guide\/safari\/sfri11471\/mac<\/a><\/p>\n<p>&nbsp;<\/p>\n<ul>\n<li><strong>Opera<\/strong><\/li>\n<\/ul>\n<p>Opciones &#8211; Avanzado &#8211; Cookies.<\/p>\n<p>Las opciones de cookies controlan la forma en que Opera los maneja y por tanto su aceptaci\u00f3n o rechazo.<\/p>\n<p>Para m\u00e1s informaci\u00f3n sobre Opera ponga aqu\u00ed: <a href=\"https:\/\/help.opera.com\/en\/latest\/security-and-privacy\/#clearBrowsingData\">https:\/\/help.opera.com\/en\/ latest\/security-and-privacy\/#clearBrowsingData<\/a><\/p>\n<p>&nbsp;<\/p>\n<ul>\n<li><strong>Otros navegadores<\/strong><\/li>\n<\/ul>\n<p>Consulte la documentaci\u00f3n del navegador que tenga instalado.<\/p>\n<p>&nbsp;<\/p>\n<p>&nbsp;<\/p>\n<p><strong>Cookies en los dispositivos m\u00f3viles<\/strong><\/p>\n<p>Este sitio web tambi\u00e9n utiliza cookies u otros dispositivos de almacenamiento en dispositivos m\u00f3viles. En este caso, los navegadores de dispositivos m\u00f3viles permiten configurar las opciones o ajustes de privacidad para desactivar o eliminar las cookies.<\/p>\n<p>Si desea modificar las opciones de privacidad siga las instrucciones especificadas por el desarrollador de su navegador para dispositivo m\u00f3vil.<\/p>\n<p>Asimismo, a continuaci\u00f3n, podr\u00e1 encontrar algunos ejemplos de los links que le guiar\u00e1n para modificar las opciones de privacidad en su dispositivo m\u00f3vil:<\/p>\n<p>&nbsp;<\/p>\n<ul>\n<li><strong>IOS:<\/strong> (<a href=\"https:\/\/apple.co\/29IEBKS\">https:\/\/apple.co\/29IEBKS<\/a>)<\/li>\n<li><strong>Windows Phone:<\/strong> (<a href=\"https:\/\/bit.ly\/1ReUSyY\">https:\/\/bit.ly\/1ReUSyY<\/a>)<\/li>\n<li><strong>Chrome per a m\u00f2bils:<\/strong> (<a href=\"https:\/\/bit.ly\/2Y8lDVS\">https:\/\/bit.ly\/2Y8lDVS<\/a>)<\/li>\n<li><strong>Opera M\u00f2bil:<\/strong> (<a href=\"https:\/\/bit.ly\/2LBYFN7\">https:\/\/bit.ly\/2LBYFN7<\/a>)<\/li>\n<\/ul>\n<p>&nbsp;<\/p>\n<\/div>\n<p>[\/vc_column_text][\/vc_column][\/vc_row]<\/p>\n<\/div>","protected":false},"excerpt":{"rendered":"<p>[vc_row css_animation=\u00bb\u00bb row_type=\u00bbrow\u00bb use_row_as_full_screen_section=\u00bbno\u00bb type=\u00bbfull_width\u00bb angled_section=\u00bbno\u00bb text_align=\u00bbleft\u00bb background_image_as_pattern=\u00bbwithout_pattern\u00bb][vc_column][vc_column_text] INFORMACI\u00d3N SOBRE COOKIES Debido a la entrada en vigor de la referente modificaci\u00f3n de la \u00abLey de Servicios de la Sociedad de la Informaci\u00f3n\u00bb (LSSICE) establecida por el Real Decreto 13\/2012, es de obligaci\u00f3n obtener el consentimiento&#8230;<\/p>\n","protected":false},"author":2,"featured_media":0,"parent":0,"menu_order":0,"comment_status":"closed","ping_status":"closed","template":"","meta":{"footnotes":""},"class_list":["post-1735","page","type-page","status-publish","hentry"],"_links":{"self":[{"href":"https:\/\/residenciadesertsarria.com\/es\/wp-json\/wp\/v2\/pages\/1735","targetHints":{"allow":["GET"]}}],"collection":[{"href":"https:\/\/residenciadesertsarria.com\/es\/wp-json\/wp\/v2\/pages"}],"about":[{"href":"https:\/\/residenciadesertsarria.com\/es\/wp-json\/wp\/v2\/types\/page"}],"author":[{"embeddable":true,"href":"https:\/\/residenciadesertsarria.com\/es\/wp-json\/wp\/v2\/users\/2"}],"replies":[{"embeddable":true,"href":"https:\/\/residenciadesertsarria.com\/es\/wp-json\/wp\/v2\/comments?post=1735"}],"version-history":[{"count":5,"href":"https:\/\/residenciadesertsarria.com\/es\/wp-json\/wp\/v2\/pages\/1735\/revisions"}],"predecessor-version":[{"id":1794,"href":"https:\/\/residenciadesertsarria.com\/es\/wp-json\/wp\/v2\/pages\/1735\/revisions\/1794"}],"wp:attachment":[{"href":"https:\/\/residenciadesertsarria.com\/es\/wp-json\/wp\/v2\/media?parent=1735"}],"curies":[{"name":"wp","href":"https:\/\/api.w.org\/{rel}","templated":true}]}}