{"id":1727,"date":"2024-09-26T09:59:32","date_gmt":"2024-09-26T09:59:32","guid":{"rendered":"https:\/\/residenciadesertsarria.com\/transparencia\/"},"modified":"2025-12-17T13:17:49","modified_gmt":"2025-12-17T13:17:49","slug":"transparencia","status":"publish","type":"page","link":"https:\/\/residenciadesertsarria.com\/es\/transparencia\/","title":{"rendered":"Transparencia"},"content":{"rendered":"<div class=\"wpb-content-wrapper\"><p>[vc_row css_animation=\u00bb\u00bb row_type=\u00bbrow\u00bb use_row_as_full_screen_section=\u00bbno\u00bb type=\u00bbfull_width\u00bb angled_section=\u00bbno\u00bb text_align=\u00bbleft\u00bb background_image_as_pattern=\u00bbwithout_pattern\u00bb][vc_column][vc_column_text css=\u00bb\u00bb]<strong>Reglamento r\u00e9gimen interno 2025-26<\/strong><\/p>\n<p><a href=\"https:\/\/residenciadesertsarria.com\/wp-content\/uploads\/2025\/12\/REGLAMENT-REGIM-INTERN-2025-26.pdf\">Reglamento r\u00e9gimen interno 2025-26<\/a><\/p>\n<p>&nbsp;<\/p>\n<p><strong>Hist\u00f3rico Subvenciones hasta 2025<\/strong><\/p>\n<p><a href=\"https:\/\/residenciadesertsarria.com\/wp-content\/uploads\/2025\/11\/Historic-de-subvencions-atorgades-fins-2025.pdf\">Hist\u00f3rico de subvenciones otorgadas hasta el 2025<\/a><\/p>\n<p>&nbsp;<\/p>\n<p><strong>Cuentas anuales del 2024<\/strong><\/p>\n<p><a href=\"https:\/\/residenciadesertsarria.com\/wp-content\/uploads\/2025\/10\/161-2025_Informe_aud-ccaa_2024_DESERT_DE_SARRIA_Definitiu.pdf\">Informe auditor\u00eda ccaa 2024 &#8211; DESERT DE SARRIA\u0300<\/a><\/p>\n<p>&nbsp;<\/p>\n<p><strong>Informe auditor\u00eda 2023<\/strong><\/p>\n<p><a href=\"https:\/\/residenciadesertsarria.com\/wp-content\/uploads\/2024\/09\/Informe-auditoria-ccaa-2023_DESERT-DE-SARRIA.pdf\">Informe auditor\u00eda ccaa 2023 &#8211; DESERT DE SARRIA\u0300<\/a><\/p>\n<p>&nbsp;<\/p>\n<p><strong>Informe auditor\u00eda 2022<\/strong><\/p>\n<p><a href=\"https:\/\/residenciadesertsarria.com\/wp-content\/uploads\/2024\/09\/Informa-auditoria-ccaa-2022_DESERT-DE-SARRIA.pdf\">Informe auditor\u00eda ccaa 2022 &#8211; DESERT DE SARRIA\u0300<\/a><\/p>\n<p>&nbsp;<\/p>\n<p><strong>Model 200<\/strong><\/p>\n<p><a href=\"https:\/\/residenciadesertsarria.com\/wp-content\/uploads\/2024\/09\/M.200-2022-Presentat-I.-Desert-Sarria.pdf\">M.200 2022 Presentado &#8211; I. Desert Sarria<\/a><\/p>\n<p>&nbsp;<\/p>\n<p><strong>Acreditaci\u00f3n concierto GenCat<\/strong><\/p>\n<p><a href=\"https:\/\/residenciadesertsarria.com\/wp-content\/uploads\/2024\/09\/Acreditacio-Serveis-Socials-Privades-acreditades-GenCat.pdf\">Acreditacio\u0301n Servicios Sociales Privados acreditados GenCat<\/a>[\/vc_column_text][vc_empty_space height=\u00bb60&#8243;][\/vc_column][\/vc_row]<\/p>\n<\/div>","protected":false},"excerpt":{"rendered":"<p>[vc_row css_animation=\u00bb\u00bb row_type=\u00bbrow\u00bb use_row_as_full_screen_section=\u00bbno\u00bb type=\u00bbfull_width\u00bb angled_section=\u00bbno\u00bb text_align=\u00bbleft\u00bb background_image_as_pattern=\u00bbwithout_pattern\u00bb][vc_column][vc_column_text css=\u00bb\u00bb]Reglamento r\u00e9gimen interno 2025-26 Reglamento r\u00e9gimen interno 2025-26 &nbsp; Hist\u00f3rico Subvenciones hasta 2025 Hist\u00f3rico de subvenciones otorgadas hasta el 2025 &nbsp; Cuentas anuales del 2024 Informe auditor\u00eda ccaa 2024 &#8211; DESERT DE SARRIA\u0300 &nbsp; Informe auditor\u00eda 2023&#8230;<\/p>\n","protected":false},"author":2,"featured_media":0,"parent":0,"menu_order":0,"comment_status":"closed","ping_status":"closed","template":"","meta":{"footnotes":""},"class_list":["post-1727","page","type-page","status-publish","hentry"],"_links":{"self":[{"href":"https:\/\/residenciadesertsarria.com\/es\/wp-json\/wp\/v2\/pages\/1727","targetHints":{"allow":["GET"]}}],"collection":[{"href":"https:\/\/residenciadesertsarria.com\/es\/wp-json\/wp\/v2\/pages"}],"about":[{"href":"https:\/\/residenciadesertsarria.com\/es\/wp-json\/wp\/v2\/types\/page"}],"author":[{"embeddable":true,"href":"https:\/\/residenciadesertsarria.com\/es\/wp-json\/wp\/v2\/users\/2"}],"replies":[{"embeddable":true,"href":"https:\/\/residenciadesertsarria.com\/es\/wp-json\/wp\/v2\/comments?post=1727"}],"version-history":[{"count":5,"href":"https:\/\/residenciadesertsarria.com\/es\/wp-json\/wp\/v2\/pages\/1727\/revisions"}],"predecessor-version":[{"id":2196,"href":"https:\/\/residenciadesertsarria.com\/es\/wp-json\/wp\/v2\/pages\/1727\/revisions\/2196"}],"wp:attachment":[{"href":"https:\/\/residenciadesertsarria.com\/es\/wp-json\/wp\/v2\/media?parent=1727"}],"curies":[{"name":"wp","href":"https:\/\/api.w.org\/{rel}","templated":true}]}}