{"id":1724,"date":"2024-04-22T09:58:23","date_gmt":"2024-04-22T09:58:23","guid":{"rendered":"https:\/\/residenciadesertsarria.com\/canal-de-denuncia\/"},"modified":"2024-12-30T12:05:31","modified_gmt":"2024-12-30T12:05:31","slug":"canal-de-denuncia","status":"publish","type":"page","link":"https:\/\/residenciadesertsarria.com\/es\/canal-de-denuncia\/","title":{"rendered":"Canal de denuncia"},"content":{"rendered":"<div class=\"wpb-content-wrapper\"><p>[vc_row css_animation=\u00bb\u00bb row_type=\u00bbrow\u00bb use_row_as_full_screen_section=\u00bbno\u00bb type=\u00bbfull_width\u00bb angled_section=\u00bbno\u00bb text_align=\u00bbleft\u00bb background_image_as_pattern=\u00bbwithout_pattern\u00bb][vc_column][vc_column_text]<strong><u>DOCUMENTACI\u00d3N DEL CANAL DENUNCIA<\/u><\/strong><\/p>\n<p>&nbsp;<\/p>\n<p>El canal de denuncias del INSTITUT DEL DESERT DE SARRIA les permite informar r\u00e1pida y f\u00e1cilmente de cualquier conducta o situaci\u00f3n que viole las leyes o reglamentos aplicables, conforma a la Ley 2\/2023, de 20 de Febrero, reguladora de la protecci\u00f3n de las personas que informen sobre infracciones normativas y de lucha contra la corrupci\u00f3n.<\/p>\n<p>&nbsp;<\/p>\n<p>No se debe utilizar para realizar falsas acusaciones contra otros, y en general, no se debe comunicar informaci\u00f3n deliberadamente falsa.<\/p>\n<p>&nbsp;<\/p>\n<p>Todas las comunicaciones realizadas mediante este canal ser\u00e1n confidenciales y podr\u00e1n ser an\u00f3nimas, dado que la herramienta de seguridad utilizada garantiza el anonimato.<\/p>\n<p>&nbsp;<\/p>\n<p>El remitente ser\u00e1 protegido ante cualquier intento de represalia.\u00a0 Adem\u00e1s, en las comunicaciones se podr\u00e1 adjuntar la documentaci\u00f3n que se considere oportuna.<\/p>\n<p>&nbsp;<\/p>\n<p>El canal garantiza la integridad en la trazabilidad de la gesti\u00f3n de la denuncia y\/o consulta desde su entrada hasta su resoluci\u00f3n.<\/p>\n<p>&nbsp;<\/p>\n<p>La persona que realiza la comunicaci\u00f3n tiene plena garant\u00eda del anonimato en el entorno digital si opta por realizar la comunicaci\u00f3n de manera an\u00f3nima.<\/p>\n<p>&nbsp;<\/p>\n<p>Para enviar una denunica, clicar:\u00a0\u00a0 <a href=\"https:\/\/canaldenuncia.com\/@RESIDENCIADESERTSARRIA\/informar\/\">Realitzar una den\u00fancia<\/a><\/p>\n<p>&nbsp;<\/p>\n<p>&nbsp;<\/p>\n<p>&nbsp;<\/p>\n<p><span style=\"color: #000000;\"><a style=\"color: #000000;\" href=\"https:\/\/residenciadesertsarria.com\/wp-content\/uploads\/2024\/09\/Cartell-Canal-Denuncia-A4.docx\">Cartell &#8211; Canal Denuncia (A4)<\/a><\/span><\/p>\n<p>&nbsp;<\/p>\n<p><img loading=\"lazy\" decoding=\"async\" class=\"alignnone size-medium wp-image-1601 aligncenter\" src=\"https:\/\/residenciadesertsarria.com\/wp-content\/uploads\/2024\/09\/Captura-de-pantalla-2024-09-26-a-las-11.52.21-205x300.png\" alt=\"canal de den\u00fancia\" width=\"205\" height=\"300\" srcset=\"https:\/\/residenciadesertsarria.com\/wp-content\/uploads\/2024\/09\/Captura-de-pantalla-2024-09-26-a-las-11.52.21-205x300.png 205w, https:\/\/residenciadesertsarria.com\/wp-content\/uploads\/2024\/09\/Captura-de-pantalla-2024-09-26-a-las-11.52.21.png 423w\" sizes=\"auto, (max-width: 205px) 100vw, 205px\" \/>[\/vc_column_text][vc_empty_space height=\u00bb60px\u00bb][\/vc_column][\/vc_row]<\/p>\n<\/div>","protected":false},"excerpt":{"rendered":"<p>[vc_row css_animation=\u00bb\u00bb row_type=\u00bbrow\u00bb use_row_as_full_screen_section=\u00bbno\u00bb type=\u00bbfull_width\u00bb angled_section=\u00bbno\u00bb text_align=\u00bbleft\u00bb background_image_as_pattern=\u00bbwithout_pattern\u00bb][vc_column][vc_column_text]DOCUMENTACI\u00d3N DEL CANAL DENUNCIA &nbsp; El canal de denuncias del INSTITUT DEL DESERT DE SARRIA les permite informar r\u00e1pida y f\u00e1cilmente de cualquier conducta o situaci\u00f3n que viole las leyes o reglamentos aplicables, conforma a la Ley 2\/2023,&#8230;<\/p>\n","protected":false},"author":2,"featured_media":0,"parent":0,"menu_order":0,"comment_status":"closed","ping_status":"closed","template":"","meta":{"footnotes":""},"class_list":["post-1724","page","type-page","status-publish","hentry"],"_links":{"self":[{"href":"https:\/\/residenciadesertsarria.com\/es\/wp-json\/wp\/v2\/pages\/1724","targetHints":{"allow":["GET"]}}],"collection":[{"href":"https:\/\/residenciadesertsarria.com\/es\/wp-json\/wp\/v2\/pages"}],"about":[{"href":"https:\/\/residenciadesertsarria.com\/es\/wp-json\/wp\/v2\/types\/page"}],"author":[{"embeddable":true,"href":"https:\/\/residenciadesertsarria.com\/es\/wp-json\/wp\/v2\/users\/2"}],"replies":[{"embeddable":true,"href":"https:\/\/residenciadesertsarria.com\/es\/wp-json\/wp\/v2\/comments?post=1724"}],"version-history":[{"count":5,"href":"https:\/\/residenciadesertsarria.com\/es\/wp-json\/wp\/v2\/pages\/1724\/revisions"}],"predecessor-version":[{"id":1797,"href":"https:\/\/residenciadesertsarria.com\/es\/wp-json\/wp\/v2\/pages\/1724\/revisions\/1797"}],"wp:attachment":[{"href":"https:\/\/residenciadesertsarria.com\/es\/wp-json\/wp\/v2\/media?parent=1724"}],"curies":[{"name":"wp","href":"https:\/\/api.w.org\/{rel}","templated":true}]}}