{"id":1655,"date":"2024-04-15T08:58:25","date_gmt":"2024-04-15T08:58:25","guid":{"rendered":"https:\/\/residenciadesertsarria.com\/instal-lacions\/"},"modified":"2024-12-29T15:56:20","modified_gmt":"2024-12-29T15:56:20","slug":"instalaciones-2","status":"publish","type":"page","link":"https:\/\/residenciadesertsarria.com\/es\/instalaciones-2\/","title":{"rendered":"Instalaciones"},"content":{"rendered":"<div class=\"wpb-content-wrapper\"><p>[vc_row css_animation=\u00bbelement_from_bottom\u00bb row_type=\u00bbrow\u00bb use_row_as_full_screen_section=\u00bbno\u00bb type=\u00bbgrid\u00bb angled_section=\u00bbno\u00bb text_align=\u00bbleft\u00bb background_image_as_pattern=\u00bbwithout_pattern\u00bb z_index=\u00bb\u00bb][vc_column][vc_empty_space height=\u00bb90&#8243;][vc_column_text]<\/p>\n<h1 class=\"tituloPadding\" style=\"text-align: center;\"><span style=\"color: #8f4b56;\">\u00a0<span style=\"color: #777676;\">INSTALACIONES<\/span><\/span><\/h1>\n<p>[\/vc_column_text][vc_separator type=\u00bbnormal\u00bb color=\u00bb#8bc4f7&#8243; thickness=\u00bb1,5&#8243;][\/vc_column][\/vc_row][vc_row css_animation=\u00bb\u00bb row_type=\u00bbrow\u00bb use_row_as_full_screen_section=\u00bbno\u00bb type=\u00bbgrid\u00bb angled_section=\u00bbno\u00bb text_align=\u00bbleft\u00bb background_image_as_pattern=\u00bbwithout_pattern\u00bb z_index=\u00bb\u00bb][vc_column][vc_empty_space height=\u00bb32&#8243;][vc_column_text]<\/p>\n<p style=\"text-align: left;\">La residencia geri\u00e1trica <span style=\"color: #8bc4f7;\"><strong>Institut del Desert de Sarri\u00e0<\/strong><\/span> dispone de unas instalaciones amplias, luminosas y confortables. Rodeadas de un entorno inmejorable con grandes jardines, vistas a la monta\u00f1a de Collserola y en un ambiente de paz y tranquilidad.<\/p>\n<p>&nbsp;<\/p>\n<p>Destacamos las siguientes:<\/p>\n<p>&nbsp;<\/p>\n<p style=\"text-align: left;\"><span style=\"color: #8bc4f7;\"><strong>Habitaciones individuales y dobles<\/strong><\/span><\/p>\n<p style=\"text-align: left;\">Disponemos de habitaciones dobles e individuales, todas equipadas con calefacci\u00f3n.<\/p>\n<p>&nbsp;<\/p>\n<p style=\"text-align: left;\"><span style=\"color: #8bc4f7;\"><strong>Exteriores<\/strong><\/span><\/p>\n<p style=\"text-align: left;\">Tambi\u00e9n tenemos amplios jardines para disfrutar de la naturaleza, tomar el sol, leer o pasear tranquilamente.<\/p>\n<p>&nbsp;<\/p>\n<p style=\"text-align: left;\"><span style=\"color: #8bc4f7;\"><strong>Salas comunes<\/strong><\/span><\/p>\n<p style=\"text-align: left;\">La residencia dispone de diferentes salas: salas de visita donde familiares y amigos pueden sentirse como en casa con los residentes, salas para descansar y mirar la televisi\u00f3n, salas para realizar actividades, talleres y manualidades.<\/p>\n<p>&nbsp;<\/p>\n<p style=\"text-align: left;\"><span style=\"color: #8bc4f7;\"><strong>Comedor<\/strong><\/span><\/p>\n<p style=\"text-align: left;\">Nuestra prioridad siempre ha sido el bienestar de los usuarios, por eso hemos adaptado nuestras instalaciones y profesionales a las necesidades de nuestros residentes, y disponemos de un comedor principal para los residentes aut\u00f3nomos. Para los residentes con mayor dependencia tenemos otros comedores atendidos con m\u00e1s personal de apoyo.<\/p>\n<p>&nbsp;<\/p>\n<p style=\"text-align: left;\"><span style=\"color: #8bc4f7;\"><strong>Cocina<\/strong><\/span><\/p>\n<p style=\"text-align: left;\">Desde nuestra cocina \u00abin situ\u00bb elaboramos men\u00fas equilibrados con productos de temporada que se adaptan a las necesidades energ\u00e9ticas y nutricionales de nuestros residentes, programados por una dietista.<\/p>\n<p>&nbsp;<\/p>\n<p style=\"text-align: left;\"><span style=\"color: #8bc4f7;\"><strong>Gimnasio<\/strong><\/span><\/p>\n<p style=\"text-align: left;\">Contamos con una sala de rehabilitaci\u00f3n equipada con m\u00e1quinas de fitness adaptadas a la rehabilitaci\u00f3n y musculatura de las personas mayores, y m\u00e1quinas de electroestimulaci\u00f3n con el seguimiento de nuestros profesionales.<\/p>\n<p>&nbsp;<\/p>\n<p style=\"text-align: left;\"><span style=\"color: #8bc4f7;\"><strong>Capilla<\/strong><\/span><\/p>\n<p>Tenemos una capilla que permanece las 24 horas del d\u00eda a disposici\u00f3n de nuestros residentes.<\/p>\n<p>&nbsp;<\/p>\n<p style=\"text-align: left;\"><span style=\"color: #8bc4f7;\"><strong>Biblioteca<\/strong><\/span><\/p>\n<p style=\"text-align: left;\">La biblioteca tiene una amplia colecci\u00f3n de libros de distintos g\u00e9neros que ponemos a disposici\u00f3n de nuestros residentes en un ambiente id\u00f3neo para la lectura. Tambi\u00e9n se realizan algunas actividades, tales como: talleres de memoria y conversaci\u00f3n con nuestro psic\u00f3logo;\u00a0 y\u00a0 cantos, cine, taller de emociones\u2026, con nuestra educadora social.<\/p>\n<p>[\/vc_column_text][vc_empty_space height=\u00bb60px\u00bb][\/vc_column][\/vc_row][vc_row css_animation=\u00bbelement_from_bottom\u00bb row_type=\u00bbrow\u00bb use_row_as_full_screen_section=\u00bbno\u00bb type=\u00bbgrid\u00bb angled_section=\u00bbno\u00bb text_align=\u00bbcenter\u00bb background_image_as_pattern=\u00bbwithout_pattern\u00bb z_index=\u00bb\u00bb css=\u00bb.vc_custom_1725987368054{background-color: #777676 !important;}\u00bb][vc_column][vc_empty_space height=\u00bb50&#8243;][\/vc_column][\/vc_row][vc_row css_animation=\u00bb\u00bb row_type=\u00bbrow\u00bb use_row_as_full_screen_section=\u00bbno\u00bb type=\u00bbgrid\u00bb angled_section=\u00bbno\u00bb text_align=\u00bbleft\u00bb background_image_as_pattern=\u00bbwithout_pattern\u00bb z_index=\u00bb\u00bb css=\u00bb.vc_custom_1725987378663{background-color: #777676 !important;}\u00bb][vc_column width=\u00bb1\/2&#8243;][vc_single_image image=\u00bb1186&#8243; img_size=\u00bb530X590&#8243; qode_css_animation=\u00bb\u00bb][vc_empty_space height=\u00bb10&#8243;][\/vc_column][vc_column width=\u00bb1\/2&#8243;][vc_single_image image=\u00bb1192&#8243; img_size=\u00bb530&#215;290&#8243; qode_css_animation=\u00bb\u00bb][vc_empty_space height=\u00bb10&#8243;][vc_single_image image=\u00bb1138&#8243; img_size=\u00bb530&#215;290&#8243; qode_css_animation=\u00bb\u00bb][\/vc_column][\/vc_row][vc_row css_animation=\u00bbelement_from_bottom\u00bb row_type=\u00bbrow\u00bb use_row_as_full_screen_section=\u00bbno\u00bb type=\u00bbgrid\u00bb angled_section=\u00bbno\u00bb text_align=\u00bbcenter\u00bb background_image_as_pattern=\u00bbwithout_pattern\u00bb z_index=\u00bb\u00bb css=\u00bb.vc_custom_1718789228648{background-color: #777676 !important;}\u00bb][vc_column][vc_empty_space][\/vc_column][\/vc_row][vc_row css_animation=\u00bb\u00bb row_type=\u00bbrow\u00bb use_row_as_full_screen_section=\u00bbno\u00bb type=\u00bbgrid\u00bb angled_section=\u00bbno\u00bb text_align=\u00bbleft\u00bb background_image_as_pattern=\u00bbwithout_pattern\u00bb z_index=\u00bb\u00bb css=\u00bb.vc_custom_1725987378663{background-color: #777676 !important;}\u00bb][vc_column width=\u00bb1\/2&#8243;][vc_single_image image=\u00bb1202&#8243; img_size=\u00bb530&#215;290&#8243; qode_css_animation=\u00bb\u00bb][vc_empty_space height=\u00bb10&#8243;][vc_single_image image=\u00bb1206&#8243; img_size=\u00bb530&#215;290&#8243; qode_css_animation=\u00bb\u00bb][vc_empty_space height=\u00bb10&#8243;][\/vc_column][vc_column width=\u00bb1\/2&#8243;][vc_single_image image=\u00bb1421&#8243; img_size=\u00bb530X590&#8243; qode_css_animation=\u00bb\u00bb][\/vc_column][\/vc_row][vc_row css_animation=\u00bbelement_from_bottom\u00bb row_type=\u00bbrow\u00bb use_row_as_full_screen_section=\u00bbno\u00bb type=\u00bbgrid\u00bb angled_section=\u00bbno\u00bb text_align=\u00bbcenter\u00bb background_image_as_pattern=\u00bbwithout_pattern\u00bb z_index=\u00bb\u00bb css=\u00bb.vc_custom_1718789399549{background-color: #777676 !important;}\u00bb][vc_column][vc_empty_space height=\u00bb32&#8243;]<a  itemprop=\"url\" href=\"https:\/\/residenciadesertsarria.com\/es\/galeria\/\" target=\"_self\" data-hover-background-color='#99b1c6' data-hover-border-color='#99b1c6'  class=\"qbutton  medium center enlarge\" style=\"color: #ffffff; border-color: #777676; background-color: #777676;\">Ver galer\u00eda<span aria-hidden=\"true\" class=\"qode_icon_font_elegant arrow_carrot-2right qode_button_icon_element\" style=\"color: #ffffff;\" ><\/span><\/a>[vc_empty_space height=\u00bb60px\u00bb][\/vc_column][\/vc_row]<\/p>\n<\/div>","protected":false},"excerpt":{"rendered":"<p>[vc_row css_animation=\u00bbelement_from_bottom\u00bb row_type=\u00bbrow\u00bb use_row_as_full_screen_section=\u00bbno\u00bb type=\u00bbgrid\u00bb angled_section=\u00bbno\u00bb text_align=\u00bbleft\u00bb background_image_as_pattern=\u00bbwithout_pattern\u00bb z_index=\u00bb\u00bb][vc_column][vc_empty_space height=\u00bb90&#8243;][vc_column_text] \u00a0INSTALACIONES [\/vc_column_text][vc_separator type=\u00bbnormal\u00bb color=\u00bb#8bc4f7&#8243; thickness=\u00bb1,5&#8243;][\/vc_column][\/vc_row][vc_row css_animation=\u00bb\u00bb row_type=\u00bbrow\u00bb use_row_as_full_screen_section=\u00bbno\u00bb type=\u00bbgrid\u00bb angled_section=\u00bbno\u00bb text_align=\u00bbleft\u00bb background_image_as_pattern=\u00bbwithout_pattern\u00bb z_index=\u00bb\u00bb][vc_column][vc_empty_space height=\u00bb32&#8243;][vc_column_text] La residencia geri\u00e1trica Institut del Desert de Sarri\u00e0 dispone de unas instalaciones amplias, luminosas y confortables. Rodeadas de un entorno inmejorable&#8230;<\/p>\n","protected":false},"author":2,"featured_media":0,"parent":0,"menu_order":0,"comment_status":"closed","ping_status":"closed","template":"full_width.php","meta":{"footnotes":""},"class_list":["post-1655","page","type-page","status-publish","hentry"],"_links":{"self":[{"href":"https:\/\/residenciadesertsarria.com\/es\/wp-json\/wp\/v2\/pages\/1655","targetHints":{"allow":["GET"]}}],"collection":[{"href":"https:\/\/residenciadesertsarria.com\/es\/wp-json\/wp\/v2\/pages"}],"about":[{"href":"https:\/\/residenciadesertsarria.com\/es\/wp-json\/wp\/v2\/types\/page"}],"author":[{"embeddable":true,"href":"https:\/\/residenciadesertsarria.com\/es\/wp-json\/wp\/v2\/users\/2"}],"replies":[{"embeddable":true,"href":"https:\/\/residenciadesertsarria.com\/es\/wp-json\/wp\/v2\/comments?post=1655"}],"version-history":[{"count":6,"href":"https:\/\/residenciadesertsarria.com\/es\/wp-json\/wp\/v2\/pages\/1655\/revisions"}],"predecessor-version":[{"id":1770,"href":"https:\/\/residenciadesertsarria.com\/es\/wp-json\/wp\/v2\/pages\/1655\/revisions\/1770"}],"wp:attachment":[{"href":"https:\/\/residenciadesertsarria.com\/es\/wp-json\/wp\/v2\/media?parent=1655"}],"curies":[{"name":"wp","href":"https:\/\/api.w.org\/{rel}","templated":true}]}}