{"id":1651,"date":"2024-04-15T08:48:22","date_gmt":"2024-04-15T08:48:22","guid":{"rendered":"https:\/\/residenciadesertsarria.com\/serveis-2\/"},"modified":"2024-12-29T16:25:21","modified_gmt":"2024-12-29T16:25:21","slug":"serveis-2","status":"publish","type":"page","link":"https:\/\/residenciadesertsarria.com\/es\/serveis-2\/","title":{"rendered":"Servicios"},"content":{"rendered":"<div class=\"wpb-content-wrapper\"><p>[vc_row css_animation=\u00bbelement_from_bottom\u00bb row_type=\u00bbrow\u00bb use_row_as_full_screen_section=\u00bbno\u00bb type=\u00bbgrid\u00bb angled_section=\u00bbno\u00bb text_align=\u00bbleft\u00bb background_image_as_pattern=\u00bbwithout_pattern\u00bb z_index=\u00bb\u00bb][vc_column][vc_empty_space height=\u00bb90px\u00bb][vc_column_text]<\/p>\n<h1 class=\"tituloPadding\" style=\"text-align: center;\"><span style=\"color: #777676;\">SERVICIOS<\/span><\/h1>\n<p>[\/vc_column_text][vc_separator type=\u00bbnormal\u00bb color=\u00bb#8bc4f7&#8243; thickness=\u00bb1,5&#8243;][\/vc_column][\/vc_row][vc_row css_animation=\u00bb\u00bb row_type=\u00bbrow\u00bb use_row_as_full_screen_section=\u00bbno\u00bb type=\u00bbfull_width\u00bb angled_section=\u00bbno\u00bb text_align=\u00bbleft\u00bb background_image_as_pattern=\u00bbwithout_pattern\u00bb z_index=\u00bb\u00bb][vc_column][vc_empty_space height=\u00bb32&#8243;][vc_column_text css=\u00bb.vc_custom_1735488116195{padding-right: 50px !important;padding-left: 50px !important;}\u00bb]<\/p>\n<p style=\"text-align: left;\">Los servicios de la residencia<span style=\"color: #8bc4f7;\">\u00a0<b>Institut del Desert de Sarri\u00e0 <\/b><\/span>van dirigidos a ofrecer al residente una asistencia cont\u00ednua y permanente, con atenci\u00f3n y seguimiento personalizados, con el fin de mejorar la calidad de vida y proporcionar el mayor bienestar.<\/p>\n<p>&nbsp;<\/p>\n<p>El eje principal de nuestra actividad es la atenci\u00f3n a la gente mayor, por eso, las tareas de la residencia se organizan hacia esta finalidad.<\/p>\n<p>&nbsp;<\/p>\n<p>Adaptamos la organizaci\u00f3n del centro a las necesidades de cada residente. Sabemos que \u00e9stas van cambiando y, evaluamos de forma constante las situaciones que se generan, para adaptarnos a las nuevas demandas. Contamos con una amplia gama de servicios gestionados por un equipo multidisciplinar de profesionales cualificados que vela, d\u00eda a d\u00eda, por la salud y calidad de vida de sus residentes.[\/vc_column_text][vc_empty_space height=\u00bb60px\u00bb][\/vc_column][\/vc_row][vc_row css_animation=\u00bb\u00bb row_type=\u00bbrow\u00bb use_row_as_full_screen_section=\u00bbno\u00bb type=\u00bbfull_width\u00bb angled_section=\u00bbno\u00bb text_align=\u00bbleft\u00bb background_image_as_pattern=\u00bbwithout_pattern\u00bb css=\u00bb.vc_custom_1718722584504{background-color: #777676 !important;}\u00bb z_index=\u00bb\u00bb][vc_column][vc_empty_space height=\u00bb50&#8243;][\/vc_column][\/vc_row][vc_row css_animation=\u00bbelement_from_bottom\u00bb row_type=\u00bbrow\u00bb use_row_as_full_screen_section=\u00bbno\u00bb type=\u00bbgrid\u00bb angled_section=\u00bbno\u00bb text_align=\u00bbleft\u00bb background_image_as_pattern=\u00bbwithout_pattern\u00bb css=\u00bb.vc_custom_1718722594955{background-color: #777676 !important;}\u00bb z_index=\u00bb\u00bb][vc_column width=\u00bb1\/4&#8243;]<div class='q_icon_with_title small custom_icon_image center qode_iwt_hover_enabled '><div class=\"icon_holder \" style=\" \"><img decoding=\"async\" itemprop=\"image\" style=\"\" src=\"https:\/\/residenciadesertsarria.com\/wp-content\/uploads\/2024\/04\/estetoscopio-6.png\" alt=\"\"><\/div><div class=\"icon_text_holder\" style=\"\"><div class=\"icon_text_inner\" style=\"\"><h3 class=\"icon_title\" style=\"color: #44749d;font-weight: 400;\">M\u00e9dico<\/h3><div class=\"separator small left\" style=\"height: 2px;background-color: #44749d;width: 20px;margin-bottom: 15px;\"><\/div><p style='color: #000000'>En la residencia disponemos de m\u00e9dico propio que ofrece asistencia todo el a\u00f1o<\/p><\/div><\/div><\/div>[vc_empty_space][\/vc_column][vc_column width=\u00bb1\/4&#8243;]<div class='q_icon_with_title small custom_icon_image center qode_iwt_hover_enabled '><div class=\"icon_holder \" style=\" \"><img decoding=\"async\" itemprop=\"image\" style=\"\" src=\"https:\/\/residenciadesertsarria.com\/wp-content\/uploads\/2024\/04\/enfermera-3.png\" alt=\"\"><\/div><div class=\"icon_text_holder\" style=\"\"><div class=\"icon_text_inner\" style=\"\"><h3 class=\"icon_title\" style=\"color: #44749d;font-weight: 400;\">Enfermer\u00eda<\/h3><div class=\"separator small left\" style=\"height: 2px;background-color: #44749d;width: 20px;margin-bottom: 15px;\"><\/div><p style='color: #000000'>Servicio de enfermer\u00eda todos los d\u00edas del a\u00f1o<\/p><\/div><\/div><\/div>[vc_empty_space][\/vc_column][vc_column width=\u00bb1\/4&#8243;]<div class='q_icon_with_title small custom_icon_image center qode_iwt_hover_enabled '><div class=\"icon_holder \" style=\" \"><img decoding=\"async\" itemprop=\"image\" style=\"\" src=\"https:\/\/residenciadesertsarria.com\/wp-content\/uploads\/2024\/04\/cerebro.png\" alt=\"\"><\/div><div class=\"icon_text_holder\" style=\"\"><div class=\"icon_text_inner\" style=\"\"><h3 class=\"icon_title\" style=\"color: #44749d;font-weight: 400;\">Psicolog\u00eda<\/h3><div class=\"separator small left\" style=\"height: 2px;background-color: #44749d;width: 20px;margin-bottom: 15px;\"><\/div><p style='color: #000000'>Atenci\u00f3n personalizada, proporcionando confort y soporte emocional<\/p><\/div><\/div><\/div>[vc_empty_space][\/vc_column][vc_column width=\u00bb1\/4&#8243;]<div class='q_icon_with_title small custom_icon_image center qode_iwt_hover_enabled '><div class=\"icon_holder \" style=\" \"><img decoding=\"async\" itemprop=\"image\" style=\"\" src=\"https:\/\/residenciadesertsarria.com\/wp-content\/uploads\/2024\/04\/terapia-fisica-1.png\" alt=\"\"><\/div><div class=\"icon_text_holder\" style=\"\"><div class=\"icon_text_inner\" style=\"\"><h3 class=\"icon_title\" style=\"color: #44749d;font-weight: 400;\">Rehabilitaci\u00f3n<\/h3><div class=\"separator small left\" style=\"height: 2px;background-color: #44749d;width: 20px;margin-bottom: 15px;\"><\/div><p style='color: #000000'>Atenci\u00f3n personalizada, favoreciendo la calidad de vida de nuestros residentes<\/p><\/div><\/div><\/div>[vc_empty_space][\/vc_column][\/vc_row][vc_row css_animation=\u00bbelement_from_bottom\u00bb row_type=\u00bbrow\u00bb use_row_as_full_screen_section=\u00bbno\u00bb type=\u00bbgrid\u00bb angled_section=\u00bbno\u00bb text_align=\u00bbleft\u00bb background_image_as_pattern=\u00bbwithout_pattern\u00bb css=\u00bb.vc_custom_1718722605991{background-color: #777676 !important;}\u00bb z_index=\u00bb\u00bb][vc_column width=\u00bb1\/4&#8243;]<div class='q_icon_with_title small custom_icon_image center qode_iwt_hover_enabled '><div class=\"icon_holder \" style=\" \"><img decoding=\"async\" itemprop=\"image\" style=\"\" src=\"https:\/\/residenciadesertsarria.com\/wp-content\/uploads\/2024\/04\/terapia-ocupacional.png\" alt=\"\"><\/div><div class=\"icon_text_holder\" style=\"\"><div class=\"icon_text_inner\" style=\"\"><h3 class=\"icon_title\" style=\"color: #44749d;font-weight: 400;\">Estimulaci\u00f3n cognitiva<\/h3><div class=\"separator small left\" style=\"height: 2px;background-color: #44749d;width: 20px;margin-bottom: 15px;\"><\/div><p style='color: #000000'>Fomentamos la comunicaci\u00f3n y estimulamos las capacidades cognitivas de los residentes<\/p><\/div><\/div><\/div>[vc_empty_space][\/vc_column][vc_column width=\u00bb1\/4&#8243;]<div class='q_icon_with_title small custom_icon_image center qode_iwt_hover_enabled '><div class=\"icon_holder \" style=\" \"><img decoding=\"async\" itemprop=\"image\" style=\"\" src=\"https:\/\/residenciadesertsarria.com\/wp-content\/uploads\/2024\/04\/red.png\" alt=\"\"><\/div><div class=\"icon_text_holder\" style=\"\"><div class=\"icon_text_inner\" style=\"\"><h3 class=\"icon_title\" style=\"color: #44749d;font-weight: 400;\">Trabajo Social<\/h3><div class=\"separator small left\" style=\"height: 2px;background-color: #44749d;width: 20px;margin-bottom: 15px;\"><\/div><p style='color: #000000'>Nuestra trabajadora social da servicio a residentes y familias<\/p><\/div><\/div><\/div>[vc_empty_space][\/vc_column][vc_column width=\u00bb1\/4&#8243;]<div class='q_icon_with_title small custom_icon_image center qode_iwt_hover_enabled '><div class=\"icon_holder \" style=\" \"><img decoding=\"async\" itemprop=\"image\" style=\"\" src=\"https:\/\/residenciadesertsarria.com\/wp-content\/uploads\/2024\/04\/callo.png\" alt=\"\"><\/div><div class=\"icon_text_holder\" style=\"\"><div class=\"icon_text_inner\" style=\"\"><h3 class=\"icon_title\" style=\"color: #44749d;font-weight: 400;\">Podolog\u00eda<\/h3><div class=\"separator small left\" style=\"height: 2px;background-color: #44749d;width: 20px;margin-bottom: 15px;\"><\/div><p style='color: #000000'>Servicio mensual<\/p><\/div><\/div><\/div>[vc_empty_space][\/vc_column][vc_column width=\u00bb1\/4&#8243;]<div class='q_icon_with_title small custom_icon_image center qode_iwt_hover_enabled '><div class=\"icon_holder \" style=\" \"><img decoding=\"async\" itemprop=\"image\" style=\"\" src=\"https:\/\/residenciadesertsarria.com\/wp-content\/uploads\/2024\/04\/salon-3.png\" alt=\"\"><\/div><div class=\"icon_text_holder\" style=\"\"><div class=\"icon_text_inner\" style=\"\"><h3 class=\"icon_title\" style=\"color: #44749d;font-weight: 400;\">Peluquer\u00eda<\/h3><div class=\"separator small left\" style=\"height: 2px;background-color: #44749d;width: 20px;margin-bottom: 15px;\"><\/div><p style='color: #000000'>Servicio semanal<\/p><\/div><\/div><\/div>[vc_empty_space][\/vc_column][\/vc_row][vc_row css_animation=\u00bbelement_from_bottom\u00bb row_type=\u00bbrow\u00bb use_row_as_full_screen_section=\u00bbno\u00bb type=\u00bbgrid\u00bb angled_section=\u00bbno\u00bb text_align=\u00bbleft\u00bb background_image_as_pattern=\u00bbwithout_pattern\u00bb css=\u00bb.vc_custom_1718722618052{background-color: #777676 !important;}\u00bb z_index=\u00bb\u00bb][vc_column width=\u00bb1\/4&#8243;]<div class='q_icon_with_title small custom_icon_image center qode_iwt_hover_enabled '><div class=\"icon_holder \" style=\" \"><img decoding=\"async\" itemprop=\"image\" style=\"\" src=\"https:\/\/residenciadesertsarria.com\/wp-content\/uploads\/2024\/04\/ayuda.png\" alt=\"\"><\/div><div class=\"icon_text_holder\" style=\"\"><div class=\"icon_text_inner\" style=\"\"><h3 class=\"icon_title\" style=\"color: #44749d;font-weight: 400;\">Voluntariado<\/h3><div class=\"separator small left\" style=\"height: 2px;background-color: #44749d;width: 20px;margin-bottom: 15px;\"><\/div><p style='color: #000000'>Trabajamos con voluntarios propios y de distintas entidades<\/p><\/div><\/div><\/div>[vc_empty_space][\/vc_column][vc_column width=\u00bb1\/4&#8243;]<div class='q_icon_with_title small custom_icon_image center qode_iwt_hover_enabled '><div class=\"icon_holder \" style=\" \"><img decoding=\"async\" itemprop=\"image\" style=\"\" src=\"https:\/\/residenciadesertsarria.com\/wp-content\/uploads\/2024\/04\/orar.png\" alt=\"\"><\/div><div class=\"icon_text_holder\" style=\"\"><div class=\"icon_text_inner\" style=\"\"><h3 class=\"icon_title\" style=\"color: #44749d;font-weight: 400;\">Servicio Religioso<\/h3><div class=\"separator small left\" style=\"height: 2px;background-color: #44749d;width: 20px;margin-bottom: 15px;\"><\/div><p style='color: #000000'>La residencia dispone de Capilla propia<\/p><\/div><\/div><\/div>[vc_empty_space][\/vc_column][vc_column width=\u00bb1\/4&#8243;]<div class='q_icon_with_title small custom_icon_image center qode_iwt_hover_enabled '><div class=\"icon_holder \" style=\" \"><img decoding=\"async\" itemprop=\"image\" style=\"\" src=\"https:\/\/residenciadesertsarria.com\/wp-content\/uploads\/2024\/04\/rompecabezas.png\" alt=\"\"><\/div><div class=\"icon_text_holder\" style=\"\"><div class=\"icon_text_inner\" style=\"\"><h3 class=\"icon_title\" style=\"color: #44749d;font-weight: 400;\">Actividades y Talleres<\/h3><div class=\"separator small left\" style=\"height: 2px;background-color: #44749d;width: 20px;margin-bottom: 15px;\"><\/div><p style='color: #000000'>Se realizan a diario diferentes actividades y talleres para mantener activos a nuestros residentes<\/p><\/div><\/div><\/div>[vc_empty_space][\/vc_column][vc_column width=\u00bb1\/4&#8243;]<div class='q_icon_with_title small custom_icon_image center qode_iwt_hover_enabled '><div class=\"icon_holder \" style=\" \"><img decoding=\"async\" itemprop=\"image\" style=\"\" src=\"https:\/\/residenciadesertsarria.com\/wp-content\/uploads\/2024\/04\/lavanderia-2.png\" alt=\"\"><\/div><div class=\"icon_text_holder\" style=\"\"><div class=\"icon_text_inner\" style=\"\"><h3 class=\"icon_title\" style=\"color: #44749d;font-weight: 400;\">Servicio de Lavander\u00eda<\/h3><div class=\"separator small left\" style=\"height: 2px;background-color: #44749d;width: 20px;margin-bottom: 15px;\"><\/div><p style='color: #000000'>Servicio semanal de lavander\u00eda<\/p><\/div><\/div><\/div>[vc_empty_space][\/vc_column][\/vc_row][vc_row css_animation=\u00bbelement_from_bottom\u00bb row_type=\u00bbrow\u00bb use_row_as_full_screen_section=\u00bbno\u00bb type=\u00bbgrid\u00bb angled_section=\u00bbno\u00bb text_align=\u00bbleft\u00bb background_image_as_pattern=\u00bbwithout_pattern\u00bb css=\u00bb.vc_custom_1718722673355{background-color: #777676 !important;}\u00bb z_index=\u00bb\u00bb][vc_column width=\u00bb1\/4&#8243;]<div class='q_icon_with_title small custom_icon_image center qode_iwt_hover_enabled '><div class=\"icon_holder \" style=\" \"><img decoding=\"async\" itemprop=\"image\" style=\"\" src=\"https:\/\/residenciadesertsarria.com\/wp-content\/uploads\/2024\/04\/corazon-saludable.png\" alt=\"\"><\/div><div class=\"icon_text_holder\" style=\"\"><div class=\"icon_text_inner\" style=\"\"><h3 class=\"icon_title\" style=\"color: #44749d;font-weight: 400;\">Dietas adaptadas<\/h3><div class=\"separator small left\" style=\"height: 2px;background-color: #44749d;width: 20px;margin-bottom: 15px;\"><\/div><p style='color: #000000'>Dietas personalizadas y adaptadas a las necesidades de los residentes<\/p><\/div><\/div><\/div>[vc_empty_space][\/vc_column][vc_column width=\u00bb1\/4&#8243;]<div class='q_icon_with_title small custom_icon_image center qode_iwt_hover_enabled '><div class=\"icon_holder \" style=\" \"><img decoding=\"async\" itemprop=\"image\" style=\"\" src=\"https:\/\/residenciadesertsarria.com\/wp-content\/uploads\/2024\/04\/estacionamiento.png\" alt=\"\"><\/div><div class=\"icon_text_holder\" style=\"\"><div class=\"icon_text_inner\" style=\"\"><h3 class=\"icon_title\" style=\"color: #44749d;font-weight: 400;\">Parking gratuito<\/h3><div class=\"separator small left\" style=\"height: 2px;background-color: #44749d;width: 20px;margin-bottom: 15px;\"><\/div><p style='color: #000000'>Parking gratuito para los familiares y residentes del centro<\/p><\/div><\/div><\/div>[vc_empty_space height=\u00bb60px\u00bb][\/vc_column][\/vc_row][vc_row css_animation=\u00bb\u00bb row_type=\u00bbrow\u00bb use_row_as_full_screen_section=\u00bbno\u00bb type=\u00bbfull_width\u00bb angled_section=\u00bbno\u00bb text_align=\u00bbleft\u00bb background_image_as_pattern=\u00bbwithout_pattern\u00bb z_index=\u00bb\u00bb background_image=\u00bb1249&#8243;][vc_column][vc_empty_space height=\u00bb200px\u00bb][vc_column_text]<\/p>\n<div style=\"text-align: center;\">\n<h2 style=\"background: #ffffffe8; display: inline-block; padding: 0px 10px;\"><span style=\"color: #777676;\">NUESTRAS INSTALACIONES<\/span><\/h2>\n<p><a class=\"qbutton medium center enlarge\" style=\"color: #ffffff; border-color: #777676; background-color: #777676; padding-left: 23px; padding-right: 23px; margin-top: 20px;\" href=\"https:\/\/residenciadesertsarria.com\/es\/instalaciones-2\/\" rel=\"noopener\" data-hover-background-color=\"#99B1C6\" data-hover-border-color=\"#99B1C6\" data-hover-color=\"#ffffff\">VER \u00bb<\/a><\/p>\n<\/div>\n<p>[\/vc_column_text][vc_empty_space height=\u00bb200px\u00bb][\/vc_column][\/vc_row]<\/p>\n<\/div>","protected":false},"excerpt":{"rendered":"<p>[vc_row css_animation=\u00bbelement_from_bottom\u00bb row_type=\u00bbrow\u00bb use_row_as_full_screen_section=\u00bbno\u00bb type=\u00bbgrid\u00bb angled_section=\u00bbno\u00bb text_align=\u00bbleft\u00bb background_image_as_pattern=\u00bbwithout_pattern\u00bb z_index=\u00bb\u00bb][vc_column][vc_empty_space height=\u00bb90px\u00bb][vc_column_text] SERVICIOS [\/vc_column_text][vc_separator type=\u00bbnormal\u00bb color=\u00bb#8bc4f7&#8243; thickness=\u00bb1,5&#8243;][\/vc_column][\/vc_row][vc_row css_animation=\u00bb\u00bb row_type=\u00bbrow\u00bb use_row_as_full_screen_section=\u00bbno\u00bb type=\u00bbfull_width\u00bb angled_section=\u00bbno\u00bb text_align=\u00bbleft\u00bb background_image_as_pattern=\u00bbwithout_pattern\u00bb z_index=\u00bb\u00bb][vc_column][vc_empty_space height=\u00bb32&#8243;][vc_column_text css=\u00bb.vc_custom_1735488116195{padding-right: 50px !important;padding-left: 50px !important;}\u00bb] Los servicios de la residencia\u00a0Institut del Desert de Sarri\u00e0 van dirigidos a ofrecer al residente una&#8230;<\/p>\n","protected":false},"author":2,"featured_media":0,"parent":0,"menu_order":0,"comment_status":"closed","ping_status":"closed","template":"full_width.php","meta":{"footnotes":""},"class_list":["post-1651","page","type-page","status-publish","hentry"],"_links":{"self":[{"href":"https:\/\/residenciadesertsarria.com\/es\/wp-json\/wp\/v2\/pages\/1651","targetHints":{"allow":["GET"]}}],"collection":[{"href":"https:\/\/residenciadesertsarria.com\/es\/wp-json\/wp\/v2\/pages"}],"about":[{"href":"https:\/\/residenciadesertsarria.com\/es\/wp-json\/wp\/v2\/types\/page"}],"author":[{"embeddable":true,"href":"https:\/\/residenciadesertsarria.com\/es\/wp-json\/wp\/v2\/users\/2"}],"replies":[{"embeddable":true,"href":"https:\/\/residenciadesertsarria.com\/es\/wp-json\/wp\/v2\/comments?post=1651"}],"version-history":[{"count":8,"href":"https:\/\/residenciadesertsarria.com\/es\/wp-json\/wp\/v2\/pages\/1651\/revisions"}],"predecessor-version":[{"id":1776,"href":"https:\/\/residenciadesertsarria.com\/es\/wp-json\/wp\/v2\/pages\/1651\/revisions\/1776"}],"wp:attachment":[{"href":"https:\/\/residenciadesertsarria.com\/es\/wp-json\/wp\/v2\/media?parent=1651"}],"curies":[{"name":"wp","href":"https:\/\/api.w.org\/{rel}","templated":true}]}}