{"id":1647,"date":"2024-04-11T11:15:30","date_gmt":"2024-04-11T11:15:30","guid":{"rendered":"https:\/\/residenciadesertsarria.com\/voluntariat\/"},"modified":"2024-12-29T16:53:13","modified_gmt":"2024-12-29T16:53:13","slug":"voluntariado","status":"publish","type":"page","link":"https:\/\/residenciadesertsarria.com\/es\/voluntariado\/","title":{"rendered":"Voluntariado"},"content":{"rendered":"<div class=\"wpb-content-wrapper\"><p>[vc_row css_animation=\u00bbelement_from_bottom\u00bb row_type=\u00bbrow\u00bb use_row_as_full_screen_section=\u00bbno\u00bb type=\u00bbgrid\u00bb angled_section=\u00bbno\u00bb text_align=\u00bbleft\u00bb background_image_as_pattern=\u00bbwithout_pattern\u00bb z_index=\u00bb\u00bb][vc_column][vc_empty_space height=\u00bb90&#8243;][vc_column_text]<\/p>\n<h1 class=\"tituloPadding\" style=\"text-align: center;\"><span style=\"color: #777676;\">EQUIPO DE VOLUNTARIADO<\/span><\/h1>\n<p>[\/vc_column_text][vc_separator type=\u00bbnormal\u00bb color=\u00bb#8bc4f7&#8243; thickness=\u00bb1,5&#8243;][\/vc_column][\/vc_row][vc_row css_animation=\u00bb\u00bb row_type=\u00bbrow\u00bb use_row_as_full_screen_section=\u00bbno\u00bb type=\u00bbgrid\u00bb angled_section=\u00bbno\u00bb text_align=\u00bbleft\u00bb background_image_as_pattern=\u00bbwithout_pattern\u00bb z_index=\u00bb\u00bb][vc_column][vc_empty_space][vc_column_text]La residencia trabaja con voluntarios propios del Desert de Sarri\u00e0, de la Parroquia de Sarri\u00e0 y voluntarios de diferentes entidades como pueden ser: <strong>C\u00e1ritas<\/strong>,\u00a0 <strong>Amigos de las Personas Mayores<\/strong>, <strong>CaixaBank<\/strong>, <strong>CorAvis<\/strong>, <strong>ASTE BCN<\/strong> y alumnos de escuelas y otros centros educativos de los alrededores, que hacen m\u00e1s ameno el d\u00eda a d\u00eda de nuestros mayores, realizando actividades con ellos y para ellos: paseos, sesiones de lectura y canto, etc.<\/p>\n<p>[\/vc_column_text][vc_empty_space height=\u00bb90&#8243;][\/vc_column][\/vc_row]<\/p>\n<\/div>","protected":false},"excerpt":{"rendered":"<p>[vc_row css_animation=\u00bbelement_from_bottom\u00bb row_type=\u00bbrow\u00bb use_row_as_full_screen_section=\u00bbno\u00bb type=\u00bbgrid\u00bb angled_section=\u00bbno\u00bb text_align=\u00bbleft\u00bb background_image_as_pattern=\u00bbwithout_pattern\u00bb z_index=\u00bb\u00bb][vc_column][vc_empty_space height=\u00bb90&#8243;][vc_column_text] EQUIPO DE VOLUNTARIADO [\/vc_column_text][vc_separator type=\u00bbnormal\u00bb color=\u00bb#8bc4f7&#8243; thickness=\u00bb1,5&#8243;][\/vc_column][\/vc_row][vc_row css_animation=\u00bb\u00bb row_type=\u00bbrow\u00bb use_row_as_full_screen_section=\u00bbno\u00bb type=\u00bbgrid\u00bb angled_section=\u00bbno\u00bb text_align=\u00bbleft\u00bb background_image_as_pattern=\u00bbwithout_pattern\u00bb z_index=\u00bb\u00bb][vc_column][vc_empty_space][vc_column_text]La residencia trabaja con voluntarios propios del Desert de Sarri\u00e0, de la Parroquia de Sarri\u00e0 y voluntarios de diferentes entidades como&#8230;<\/p>\n","protected":false},"author":2,"featured_media":0,"parent":0,"menu_order":0,"comment_status":"closed","ping_status":"closed","template":"full_width.php","meta":{"footnotes":""},"class_list":["post-1647","page","type-page","status-publish","hentry"],"_links":{"self":[{"href":"https:\/\/residenciadesertsarria.com\/es\/wp-json\/wp\/v2\/pages\/1647","targetHints":{"allow":["GET"]}}],"collection":[{"href":"https:\/\/residenciadesertsarria.com\/es\/wp-json\/wp\/v2\/pages"}],"about":[{"href":"https:\/\/residenciadesertsarria.com\/es\/wp-json\/wp\/v2\/types\/page"}],"author":[{"embeddable":true,"href":"https:\/\/residenciadesertsarria.com\/es\/wp-json\/wp\/v2\/users\/2"}],"replies":[{"embeddable":true,"href":"https:\/\/residenciadesertsarria.com\/es\/wp-json\/wp\/v2\/comments?post=1647"}],"version-history":[{"count":4,"href":"https:\/\/residenciadesertsarria.com\/es\/wp-json\/wp\/v2\/pages\/1647\/revisions"}],"predecessor-version":[{"id":1781,"href":"https:\/\/residenciadesertsarria.com\/es\/wp-json\/wp\/v2\/pages\/1647\/revisions\/1781"}],"wp:attachment":[{"href":"https:\/\/residenciadesertsarria.com\/es\/wp-json\/wp\/v2\/media?parent=1647"}],"curies":[{"name":"wp","href":"https:\/\/api.w.org\/{rel}","templated":true}]}}