{"id":1642,"date":"2024-04-11T11:26:52","date_gmt":"2024-04-11T11:26:52","guid":{"rendered":"https:\/\/residenciadesertsarria.com\/que-oferim\/"},"modified":"2025-01-26T15:09:19","modified_gmt":"2025-01-26T15:09:19","slug":"que-ofrecemos","status":"publish","type":"page","link":"https:\/\/residenciadesertsarria.com\/es\/que-ofrecemos\/","title":{"rendered":"Qu\u00e9 ofrecemos"},"content":{"rendered":"<div class=\"wpb-content-wrapper\"><p>[vc_row css_animation=\u00bbelement_from_bottom\u00bb row_type=\u00bbrow\u00bb use_row_as_full_screen_section=\u00bbno\u00bb type=\u00bbgrid\u00bb angled_section=\u00bbno\u00bb text_align=\u00bbleft\u00bb background_image_as_pattern=\u00bbwithout_pattern\u00bb z_index=\u00bb\u00bb][vc_column][vc_empty_space height=\u00bb90&#8243;][vc_column_text]<\/p>\n<h1 class=\"tituloPadding\" style=\"text-align: center;\"><span style=\"color: #777676;\">QU\u00c9 OFRECEMOS<\/span><\/h1>\n<p>[\/vc_column_text][vc_separator type=\u00bbnormal\u00bb color=\u00bb#8bc4f7&#8243; thickness=\u00bb1,5&#8243;][\/vc_column][\/vc_row][vc_row css_animation=\u00bb\u00bb row_type=\u00bbrow\u00bb use_row_as_full_screen_section=\u00bbno\u00bb type=\u00bbgrid\u00bb angled_section=\u00bbno\u00bb text_align=\u00bbleft\u00bb background_image_as_pattern=\u00bbwithout_pattern\u00bb z_index=\u00bb\u00bb][vc_column][vc_empty_space][vc_column_text]La residencia <span style=\"color: #8bc4f7;\"><strong>Institut del Desert de Sarri\u00e0 <\/strong><\/span>tiene especial inter\u00e9s en ofrecer una asistencia adecuada y personalizada que garantice el bienestar de sus residentes y familiares.<\/p>\n<p>&nbsp;<\/p>\n<p>Ofrecemos principalmente, servicio de <strong>estancias permanentes<\/strong> con una atenci\u00f3n profesional y en un entorno \u00fanico; y de forma puntual, seg\u00fan disponibilidad de plazas, estancias temporales.[\/vc_column_text][vc_empty_space height=\u00bb36px\u00bb][\/vc_column][\/vc_row][vc_row css_animation=\u00bbelement_from_bottom\u00bb row_type=\u00bbrow\u00bb use_row_as_full_screen_section=\u00bbno\u00bb type=\u00bbgrid\u00bb angled_section=\u00bbno\u00bb text_align=\u00bbleft\u00bb background_image_as_pattern=\u00bbwithout_pattern\u00bb z_index=\u00bb\u00bb][vc_column width=\u00bb1\/4&#8243;]<div class=\"q_icon_list\"><i class=\"qode_icon_font_awesome fa fa-check qode-ili-icon-holder transparent\" style=\"color: #8bc4f7;\" ><\/i><p style=\"color:#777676;\">Estancias permanentes<\/p><\/div>[\/vc_column][vc_column width=\u00bb1\/4&#8243;]<div class=\"q_icon_list\"><i class=\"qode_icon_font_awesome fa fa-check qode-ili-icon-holder transparent\" style=\"color: #8bc4f7;\" ><\/i><p style=\"color:#777676;\">Estancias temporales<\/p><\/div>[\/vc_column][vc_column width=\u00bb1\/4&#8243;]<div class=\"q_icon_list\"><i class=\"qode_icon_font_awesome fa fa-check qode-ili-icon-holder transparent\" style=\"color: #8bc4f7;\" ><\/i><p style=\"color:#777676;\">Estancias por descanso<\/p><\/div>[\/vc_column][vc_column width=\u00bb1\/4&#8243;][\/vc_column][\/vc_row][vc_row css_animation=\u00bb\u00bb row_type=\u00bbrow\u00bb use_row_as_full_screen_section=\u00bbno\u00bb type=\u00bbfull_width\u00bb angled_section=\u00bbno\u00bb text_align=\u00bbleft\u00bb background_image_as_pattern=\u00bbwithout_pattern\u00bb][vc_column][vc_empty_space height=\u00bb60&#8243;][\/vc_column][\/vc_row][vc_row css_animation=\u00bb\u00bb row_type=\u00bbrow\u00bb use_row_as_full_screen_section=\u00bbno\u00bb type=\u00bbfull_width\u00bb angled_section=\u00bbno\u00bb text_align=\u00bbleft\u00bb background_image_as_pattern=\u00bbwithout_pattern\u00bb z_index=\u00bb\u00bb background_image=\u00bb1207&#8243;][vc_column][vc_empty_space height=\u00bb150&#8243;][vc_column_text]<\/p>\n<div style=\"text-align: center;\">\n<h2 style=\"background: #ffffffe8; display: inline-block; padding: 0px 10px;\"><span style=\"color: #777676;\">NUESTROS SERVICIOS<\/span><\/h2>\n<p><a class=\"qbutton medium center enlarge\" style=\"color: #ffffff; border-color: #777676; background-color: #777676; padding-left: 23px; padding-right: 23px; margin-top: 20px;\" href=\"https:\/\/residenciadesertsarria.com\/es\/serveis-2\/\" target=\"_self\" rel=\"noopener\" data-hover-background-color=\"#99B1C6\" data-hover-border-color=\"#99B1C6\" data-hover-color=\"#ffffff\">VER \u00bb<\/a><\/p>\n<\/div>\n<p>[\/vc_column_text][vc_empty_space height=\u00bb150&#8243;][\/vc_column][\/vc_row]<\/p>\n<\/div>","protected":false},"excerpt":{"rendered":"<p>[vc_row css_animation=\u00bbelement_from_bottom\u00bb row_type=\u00bbrow\u00bb use_row_as_full_screen_section=\u00bbno\u00bb type=\u00bbgrid\u00bb angled_section=\u00bbno\u00bb text_align=\u00bbleft\u00bb background_image_as_pattern=\u00bbwithout_pattern\u00bb z_index=\u00bb\u00bb][vc_column][vc_empty_space height=\u00bb90&#8243;][vc_column_text] QU\u00c9 OFRECEMOS [\/vc_column_text][vc_separator type=\u00bbnormal\u00bb color=\u00bb#8bc4f7&#8243; thickness=\u00bb1,5&#8243;][\/vc_column][\/vc_row][vc_row css_animation=\u00bb\u00bb row_type=\u00bbrow\u00bb use_row_as_full_screen_section=\u00bbno\u00bb type=\u00bbgrid\u00bb angled_section=\u00bbno\u00bb text_align=\u00bbleft\u00bb background_image_as_pattern=\u00bbwithout_pattern\u00bb z_index=\u00bb\u00bb][vc_column][vc_empty_space][vc_column_text]La residencia Institut del Desert de Sarri\u00e0 tiene especial inter\u00e9s en ofrecer una asistencia adecuada y personalizada que garantice el bienestar de&#8230;<\/p>\n","protected":false},"author":2,"featured_media":0,"parent":0,"menu_order":0,"comment_status":"closed","ping_status":"closed","template":"full_width.php","meta":{"footnotes":""},"class_list":["post-1642","page","type-page","status-publish","hentry"],"_links":{"self":[{"href":"https:\/\/residenciadesertsarria.com\/es\/wp-json\/wp\/v2\/pages\/1642","targetHints":{"allow":["GET"]}}],"collection":[{"href":"https:\/\/residenciadesertsarria.com\/es\/wp-json\/wp\/v2\/pages"}],"about":[{"href":"https:\/\/residenciadesertsarria.com\/es\/wp-json\/wp\/v2\/types\/page"}],"author":[{"embeddable":true,"href":"https:\/\/residenciadesertsarria.com\/es\/wp-json\/wp\/v2\/users\/2"}],"replies":[{"embeddable":true,"href":"https:\/\/residenciadesertsarria.com\/es\/wp-json\/wp\/v2\/comments?post=1642"}],"version-history":[{"count":6,"href":"https:\/\/residenciadesertsarria.com\/es\/wp-json\/wp\/v2\/pages\/1642\/revisions"}],"predecessor-version":[{"id":1817,"href":"https:\/\/residenciadesertsarria.com\/es\/wp-json\/wp\/v2\/pages\/1642\/revisions\/1817"}],"wp:attachment":[{"href":"https:\/\/residenciadesertsarria.com\/es\/wp-json\/wp\/v2\/media?parent=1642"}],"curies":[{"name":"wp","href":"https:\/\/api.w.org\/{rel}","templated":true}]}}